{"id":2429,"date":"2023-11-22T21:52:02","date_gmt":"2023-11-22T21:52:02","guid":{"rendered":"http:\/\/wellnesswithlifeexpert.com\/?page_id=2429"},"modified":"2023-12-05T12:42:31","modified_gmt":"2023-12-05T12:42:31","slug":"delivery-returns","status":"publish","type":"page","link":"https:\/\/wellnesswithlifeexpert.com\/ru\/delivery-returns\/","title":{"rendered":"Delivery &amp; Returns \u2013 Espa\u00f1ol"},"content":{"rendered":"<div data-elementor-type=\"wp-page\" data-elementor-id=\"2429\" class=\"elementor elementor-2429\" data-elementor-post-type=\"page\">\n\t\t\t\t\t\t<section class=\"elementor-section elementor-top-section elementor-element elementor-element-ea85c4c elementor-section-boxed elementor-section-height-default elementor-section-height-default\" data-id=\"ea85c4c\" data-element_type=\"section\" data-e-type=\"section\">\n\t\t\t\t\t\t<div class=\"elementor-container elementor-column-gap-default\">\n\t\t\t\t\t<div class=\"elementor-column elementor-col-100 elementor-top-column elementor-element elementor-element-f04b598\" data-id=\"f04b598\" data-element_type=\"column\" data-e-type=\"column\">\n\t\t\t<div class=\"elementor-widget-wrap elementor-element-populated\">\n\t\t\t\t\t\t<div class=\"elementor-element elementor-element-fc65ea5 elementor-widget elementor-widget-text-editor\" data-id=\"fc65ea5\" data-element_type=\"widget\" data-e-type=\"widget\" data-widget_type=\"text-editor.default\">\n\t\t\t\t<div class=\"elementor-widget-container\">\n\t\t\t\t\t\t\t\t\t<h1 class=\"kt-adv-heading_64083a-3f wp-block-kadence-advancedheading\" data-kb-block=\"kb-adv-heading_64083a-3f\">\u0412\u0432\u043e\u0434 \u0438 \u0432\u044b\u0432\u043e\u0434 \u0441\u0440\u0435\u0434\u0441\u0442\u0432<br \/>ENTREGA<\/h1><div class=\"wp-block-kadence-iconlist kt-svg-icon-list-items kt-svg-icon-list-items_ef1f4f-bd kt-svg-icon-list-columns-1 alignnone\"><div class=\"kt-svg-icon-list-single kt-svg-icon-list-single-fe_checkCircle\"><p>\u041f\u043e\u0441\u043a\u043e\u043b\u044c\u043a\u0443 \u043c\u044b \u044f\u0432\u043b\u044f\u0435\u043c\u0441\u044f \u043c\u0435\u0436\u0434\u0443\u043d\u0430\u0440\u043e\u0434\u043d\u043e\u0439 \u043a\u043e\u043c\u043f\u0430\u043d\u0438\u0435\u0439, \u0443 \u043d\u0430\u0441 \u0435\u0441\u0442\u044c \u0448\u043e\u0443-\u0440\u0443\u043c\u044b \u0432 \u0440\u0430\u0437\u043d\u044b\u0445 \u0441\u0442\u0440\u0430\u043d\u0430\u0445 \u0438 \u0433\u043e\u0440\u043e\u0434\u0430\u0445. \u0412 \u0442\u0430\u0431\u043b\u0438\u0446\u0435 \u043f\u0440\u0438\u0432\u0435\u0434\u0435\u043d\u0430 \u0438\u043d\u0444\u043e\u0440\u043c\u0430\u0446\u0438\u044f \u043e \u0446\u0435\u043d\u0430\u0445 \u043d\u0430 \u0434\u043e\u0441\u0442\u0430\u0432\u043a\u0443 \u0432 \u043a\u0430\u0436\u0434\u043e\u0435 \u043c\u0435\u0441\u0442\u043e.<\/p><p>\u041c\u044b \u043f\u0440\u0435\u0434\u043e\u0441\u0442\u0430\u0432\u043b\u044f\u0435\u043c \u0432\u043e\u0437\u043c\u043e\u0436\u043d\u043e\u0441\u0442\u044c \u0431\u0435\u0437\u0432\u043e\u0437\u043c\u0435\u0437\u0434\u043d\u043e\u0433\u043e \u043f\u043e\u043b\u0443\u0447\u0435\u043d\u0438\u044f \u0438\u043d\u0444\u043e\u0440\u043c\u0430\u0446\u0438\u0438 \u0432 \u043b\u044e\u0431\u043e\u0439 \u0442\u043e\u0447\u043a\u0435 \u0437\u0435\u043c\u043d\u043e\u0433\u043e \u0448\u0430\u0440\u0430. \u0423\u0447\u0442\u0438\u0442\u0435, \u0447\u0442\u043e \u044d\u0442\u0430 \u0431\u0435\u0437\u0432\u043e\u0437\u043c\u0435\u0437\u0434\u043d\u0430\u044f \u0440\u0430\u0441\u0441\u044b\u043b\u043a\u0430 \u0434\u0435\u0439\u0441\u0442\u0432\u0443\u0435\u0442 \u0442\u043e\u043b\u044c\u043a\u043e \u0432 \u0442\u0435\u0447\u0435\u043d\u0438\u0435 \u043e\u0433\u0440\u0430\u043d\u0438\u0447\u0435\u043d\u043d\u043e\u0433\u043e \u0432\u0440\u0435\u043c\u0435\u043d\u0438.<\/p><\/div><p>Reino Unido 3-5 d\u00edas laborables GRATIS<\/p><p>\u0421\u0428\u0410 \u0438 \u0432\u0435\u0441\u044c \u043c\u0438\u0440 7-20 \u0434\u043d\u0435\u0439 \u0442\u0440\u0443\u0434\u043e\u0437\u0430\u0442\u0440\u0430\u0442 \u0413\u0420\u0410\u0422\u0418\u0421<\/p><p>\u0415\u0441\u043b\u0438 \u0442\u043e\u0432\u0430\u0440 \u043d\u0430\u0445\u043e\u0434\u0438\u0442\u0441\u044f \u043d\u0430 \u0441\u043a\u043b\u0430\u0434\u0435, \u0432\u044b \u043f\u043e\u043b\u0443\u0447\u0438\u0442\u0435 \u0443\u0432\u0435\u0434\u043e\u043c\u043b\u0435\u043d\u0438\u0435 \u043e \u0435\u0433\u043e \u043f\u043e\u0441\u0442\u0443\u043f\u043b\u0435\u043d\u0438\u0438 \u0432 \u0432\u0430\u0448 \u043f\u043e\u0447\u0442\u043e\u0432\u044b\u0439 \u044f\u0449\u0438\u043a \u0438 \u043f\u043e\u043b\u0443\u0447\u0438\u0442\u0435 \u0432\u0430\u0448\u0435 \u0437\u0430\u044f\u0432\u043b\u0435\u043d\u0438\u0435 \u0432 \u0442\u0435\u0447\u0435\u043d\u0438\u0435 7-20 \u0434\u043d\u0435\u0439 \u0441 \u043c\u043e\u043c\u0435\u043d\u0442\u0430 \u043f\u043e\u0441\u0442\u0443\u043f\u043b\u0435\u043d\u0438\u044f.<\/p><\/div><h2 class=\"kt-adv-heading_a90407-88 wp-block-kadence-advancedheading\" data-kb-block=\"kb-adv-heading_a90407-88\">\u041f\u0410\u0413\u041e\u0421<br \/>\u0417\u0430\u0449\u0438\u0442\u0430 \u0441\u0434\u0435\u043b\u043e\u043a \u0441 PayPal \u0434\u043b\u044f \u043f\u043e\u043a\u0443\u043f\u0430\u0442\u0435\u043b\u0435\u0439<\/h2><div class=\"wp-block-kadence-rowlayout alignnone\"><div id=\"kt-layout-id_7ca03b-75\" class=\"kt-row-layout-inner kt-layout-id_7ca03b-75\"><div class=\"kt-row-column-wrap kt-has-2-columns kt-gutter-default kt-v-gutter-none kt-row-valign-middle kt-row-layout-left-golden kt-tab-layout-inherit kt-m-colapse-right-to-left kt-mobile-layout-row  kt-custom-first-width-65  kt-custom-second-width-35\"><div class=\"wp-block-kadence-column inner-column-1 kadence-column_028f2a-73\"><div class=\"kt-inside-inner-col\"><p>\u0415\u0441\u043b\u0438 \u0432\u044b \u0438\u0441\u043f\u043e\u043b\u044c\u0437\u0443\u0435\u0442\u0435 \u044d\u043b\u0435\u043a\u0442\u0440\u043e\u043d\u043d\u044b\u0439 \u0441\u0447\u0435\u0442 PayPal \u0434\u043b\u044f \u043e\u043f\u043b\u0430\u0442\u044b \u0442\u043e\u0432\u0430\u0440\u043e\u0432, \u0432\u0430\u0448\u0438 \u0434\u0435\u043d\u044c\u0433\u0438 \u0431\u0443\u0434\u0443\u0442 \u0437\u0430\u0449\u0438\u0449\u0435\u043d\u044b. PayPal \u0433\u0430\u0440\u0430\u043d\u0442\u0438\u0440\u0443\u0435\u0442 \u0442\u0440\u0430\u043d\u0437\u0430\u043a\u0446\u0438\u0438 \u0438 \u0433\u0430\u0440\u0430\u043d\u0442\u0438\u0440\u0443\u0435\u0442 \u043e\u043f\u043b\u0430\u0442\u0443, \u0434\u043e\u0441\u0442\u0430\u0432\u043a\u0443 \u0438 \u043a\u0430\u0447\u0435\u0441\u0442\u0432\u043e \u043f\u0440\u0438\u043e\u0431\u0440\u0435\u0442\u0435\u043d\u043d\u044b\u0445 \u0442\u043e\u0432\u0430\u0440\u043e\u0432. PayPal \u0432\u043e\u0437\u043c\u0435\u0449\u0430\u0435\u0442 \u043e\u0431\u0449\u0443\u044e \u0441\u0442\u043e\u0438\u043c\u043e\u0441\u0442\u044c \u043f\u043e\u043a\u0443\u043f\u043a\u0438, \u0435\u0441\u043b\u0438 \u0442\u043e\u0432\u0430\u0440 \u043d\u0435 \u0441\u043e\u043e\u0442\u0432\u0435\u0442\u0441\u0442\u0432\u0443\u0435\u0442 \u043e\u043f\u0438\u0441\u0430\u043d\u0438\u044e \u0438\u043b\u0438 \u043d\u0435 \u0431\u044b\u043b \u0434\u043e\u0441\u0442\u0430\u0432\u043b\u0435\u043d.<\/p><\/div><\/div><div class=\"wp-block-kadence-column inner-column-2 kadence-column_e7e522-e2\"><div class=\"kt-inside-inner-col\"><div class=\"wp-block-kadence-image kb-image_fc9db5-1e\"><figure class=\"aligncenter size-full\"><img decoding=\"async\" class=\"kb-img wp-image-637\" src=\"https:\/\/wellnesswithlifeexpert.com\/wp-content\/uploads\/2022\/07\/Bioresonance-devices-paypal-payments.webp\" alt=\"Bioresonance Devices Paypal Payments\" width=\"164\" height=\"43\" \/><\/figure><\/div><\/div><\/div><\/div><\/div><\/div><div class=\"wp-block-kadence-rowlayout alignnone\"><div id=\"kt-layout-id_dcd2fb-bc\" class=\"kt-row-layout-inner kt-layout-id_dcd2fb-bc\"><div class=\"kt-row-column-wrap kt-has-2-columns kt-gutter-default kt-v-gutter-none kt-row-valign-middle kt-row-layout-left-golden kt-tab-layout-inherit kt-m-colapse-left-to-right kt-mobile-layout-row  kt-custom-first-width-35  kt-custom-second-width-65\"><div class=\"wp-block-kadence-column inner-column-1 kadence-column_9ec73f-9f\"><div class=\"kt-inside-inner-col\"><div class=\"wp-block-kadence-image kb-image_e80f90-61\"><figure class=\"aligncenter size-full\"><img decoding=\"async\" class=\"kb-img wp-image-336\" src=\"https:\/\/wellnesswithlifeexpert.com\/wp-content\/uploads\/2022\/06\/Wellness-with-life-expert-bioresonance-machines-payment-options.webp\" alt=\"Wellness With Life Expert Bioresonance Machines Payment Options\" width=\"242\" height=\"72\" \/><\/figure><\/div><\/div><\/div><div class=\"wp-block-kadence-column inner-column-2 kadence-column_371301-b9\"><div class=\"kt-inside-inner-col\"><h3 class=\"kt-adv-heading_cfbf73-15 wp-block-kadence-advancedheading\" data-kb-block=\"kb-adv-heading_cfbf73-15\">\u041f\u0430\u0433\u043e\u043d\u044b \u0441 \u043a\u0440\u0435\u0434\u0438\u0442\u043d\u043e\u0439 \u043a\u0430\u0440\u0442\u043e\u0439\/\u0434\u0435\u0431\u0435\u0442\u043e\u043c \u0447\u0435\u0440\u0435\u0437 Stripe<\/h3><p>\u041f\u043b\u0430\u0442\u0435\u0436\u0438 \u043e\u0441\u0443\u0449\u0435\u0441\u0442\u0432\u043b\u044f\u044e\u0442\u0441\u044f \u0441 \u043f\u043e\u043c\u043e\u0449\u044c\u044e \u043a\u0440\u0435\u0434\u0438\u0442\u043d\u044b\u0445 \u043a\u0430\u0440\u0442, \u0434\u0435\u0431\u0435\u0442\u043e\u0432\u044b\u0445 \u043a\u0430\u0440\u0442 \u0438 \u0434\u0440\u0443\u0433\u0438\u0445 \u043f\u043e\u043f\u0443\u043b\u044f\u0440\u043d\u044b\u0445 \u0432\u043e \u0432\u0441\u0435\u043c \u043c\u0438\u0440\u0435 \u0441\u043f\u043e\u0441\u043e\u0431\u043e\u0432 \u0441 \u043f\u043e\u043c\u043e\u0449\u044c\u044e \u043f\u043b\u0430\u0442\u0444\u043e\u0440\u043c\u044b \u043f\u043b\u0430\u0442\u0435\u0436\u0435\u0439 Stripe. Stripe \u043e\u0447\u0435\u043d\u044c \u0431\u0435\u0437\u043e\u043f\u0430\u0441\u043d\u0430 \u0438 \u043f\u0440\u0435\u0432\u043e\u0441\u0445\u043e\u0434\u0438\u0442 \u0432\u0441\u0435 \u0441\u0442\u0430\u043d\u0434\u0430\u0440\u0442\u044b \u0431\u0435\u0437\u043e\u043f\u0430\u0441\u043d\u043e\u0441\u0442\u0438 \u0432 \u043e\u0442\u0440\u0430\u0441\u043b\u0438, \u0438 \u043c\u043d\u043e\u0433\u0438\u0435 \u043a\u043e\u043c\u043f\u0430\u043d\u0438\u0438, \u0432\u043a\u043b\u044e\u0447\u0430\u044f \u043a\u043e\u043c\u043f\u0430\u043d\u0438\u0438 \u0438\u0437 \u0441\u043f\u0438\u0441\u043a\u0430 Fortune 500, \u0434\u043e\u0432\u0435\u0440\u044f\u044e\u0442 \u0435\u0439. \u0420\u0430\u0437\u043d\u043e\u043e\u0431\u0440\u0430\u0437\u043d\u044b\u0435 \u043c\u0435\u0440\u044b Stripe \u043f\u043e \u0437\u0430\u0449\u0438\u0442\u0435 \u0438\u043d\u0444\u043e\u0440\u043c\u0430\u0446\u0438\u0438, \u0441\u043e\u0434\u0435\u0440\u0436\u0430\u0449\u0435\u0439\u0441\u044f \u0432 \u043f\u043b\u0430\u0442\u0435\u0436\u043d\u043e\u0439 \u043a\u0430\u0440\u0442\u0435, \u0434\u0435\u043b\u0430\u044e\u0442 \u0431\u0435\u0437\u043e\u043f\u0430\u0441\u043d\u043e\u0441\u0442\u044c \u043f\u043b\u0430\u0442\u0435\u0436\u0435\u0439 \u043f\u0440\u0438\u043e\u0440\u0438\u0442\u0435\u0442\u043d\u043e\u0439.<\/p><\/div><\/div><\/div><\/div><\/div><h2 class=\"kt-adv-heading_13af45-3e wp-block-kadence-advancedheading\" data-kb-block=\"kb-adv-heading_13af45-3e\">GARANT\u00cdA<\/h2><p>\u0415\u0441\u043b\u0438 \u0432\u044b \u043f\u043e\u043b\u0443\u0447\u0438\u043b\u0438 \u0442\u043e\u0432\u0430\u0440 \u043d\u0435\u043d\u0430\u0434\u043b\u0435\u0436\u0430\u0449\u0435\u0433\u043e \u043a\u0430\u0447\u0435\u0441\u0442\u0432\u0430 \u0438\u043b\u0438 \u0442\u043e\u0432\u0430\u0440, \u043d\u0430 \u043a\u043e\u0442\u043e\u0440\u044b\u0439 \u0440\u0430\u0441\u043f\u0440\u043e\u0441\u0442\u0440\u0430\u043d\u044f\u044e\u0442\u0441\u044f \u043f\u043e\u043b\u043e\u0436\u0435\u043d\u0438\u044f \u0433\u0430\u0440\u0430\u043d\u0442\u0438\u0439\u043d\u043e\u0433\u043e \u043e\u0431\u0441\u043b\u0443\u0436\u0438\u0432\u0430\u043d\u0438\u044f, \u043e\u0431\u0440\u0430\u0442\u0438\u0442\u0435\u0441\u044c \u0432 \u0441\u043b\u0443\u0436\u0431\u0443 NUESTRO \u043f\u043e \u0440\u0430\u0431\u043e\u0442\u0435 \u0441 \u043a\u043b\u0438\u0435\u043d\u0442\u0430\u043c\u0438, \u043e\u0442\u043f\u0440\u0430\u0432\u0438\u0432 \u043d\u0430\u043c \u044d\u043b\u0435\u043a\u0442\u0440\u043e\u043d\u043d\u0443\u044e \u043f\u043e\u0447\u0442\u0443 info@wellnesswithlifeexpert.com.<\/p><h2 class=\"kt-adv-heading_547c85-03 wp-block-kadence-advancedheading\" data-kb-block=\"kb-adv-heading_547c85-03\">\u0412\u042b\u041f\u041b\u0410\u0422\u042b \u0418 \u0412\u041e\u0417\u0412\u0420\u0410\u0422\u042b<\/h2><p>\u041c\u044b \u043f\u043e\u043c\u043e\u0436\u0435\u043c \u0432\u0430\u043c, \u0435\u0441\u043b\u0438 \u0432\u044b \u043d\u0435 \u0443\u0434\u043e\u0432\u043b\u0435\u0442\u0432\u043e\u0440\u0435\u043d\u044b \u0441\u0432\u043e\u0435\u0439 \u043f\u043e\u043a\u0443\u043f\u043a\u043e\u0439.<\/p><h3 class=\"kt-adv-heading_6708c4-79 wp-block-kadence-advancedheading\" data-kb-block=\"kb-adv-heading_6708c4-79\">DEVOLUCIONES<\/h3><p>\u041c\u043e\u0436\u043d\u043e \u0441\u0434\u0430\u0442\u044c \u043f\u0440\u0435\u0434\u043c\u0435\u0442 \u0432 \u0442\u0435\u0447\u0435\u043d\u0438\u0435 14 \u0435\u0441\u0442\u0435\u0441\u0442\u0432\u0435\u043d\u043d\u044b\u0445 \u0434\u043d\u0435\u0439. \u0415\u0441\u043b\u0438 \u0432\u044b \u0445\u043e\u0442\u0438\u0442\u0435 \u0441\u0434\u0430\u0442\u044c \u0430\u0440\u0442\u0438\u043a\u0443\u043b, \u043e\u043d \u0434\u043e\u043b\u0436\u0435\u043d \u0431\u044b\u0442\u044c \u043d\u0435\u0438\u0441\u043f\u043e\u043b\u044c\u0437\u043e\u0432\u0430\u043d\u043d\u044b\u043c \u0438 \u043d\u0430\u0445\u043e\u0434\u0438\u0442\u044c\u0441\u044f \u0432 \u0442\u0435\u0445 \u0436\u0435 \u0443\u0441\u043b\u043e\u0432\u0438\u044f\u0445, \u0432 \u043a\u043e\u0442\u043e\u0440\u044b\u0445 \u043e\u043d \u0431\u044b\u043b \u043f\u043e\u043b\u0443\u0447\u0435\u043d. \u0410\u0440\u0442\u0438\u043a\u0443\u043b \u0434\u043e\u043b\u0436\u0435\u043d \u043d\u0430\u0445\u043e\u0434\u0438\u0442\u044c\u0441\u044f \u0432 \u043e\u0440\u0438\u0433\u0438\u043d\u0430\u043b\u044c\u043d\u043e\u0439 \u0443\u043f\u0430\u043a\u043e\u0432\u043a\u0435, \u0438 \u0432\u044b \u0434\u043e\u043b\u0436\u043d\u044b \u0438\u043c\u0435\u0442\u044c \u043f\u0440\u0438 \u0441\u0435\u0431\u0435 \u043d\u0430\u043a\u043b\u0430\u0434\u043d\u0443\u044e \u0438\u043b\u0438 \u0434\u043e\u043a\u0443\u043c\u0435\u043d\u0442, \u043f\u043e\u0434\u0442\u0432\u0435\u0440\u0436\u0434\u0430\u044e\u0449\u0438\u0439 \u043f\u043e\u043a\u0443\u043f\u043a\u0443.<\/p><h3 class=\"kt-adv-heading_bc3e61-79 wp-block-kadence-advancedheading\" data-kb-block=\"kb-adv-heading_bc3e61-79\">REEMBOLSOS<\/h3><p>\u041a\u0430\u043a \u0442\u043e\u043b\u044c\u043a\u043e \u0432\u044b \u043f\u043e\u043b\u0443\u0447\u0438\u0442\u0435 \u0441\u0432\u043e\u0439 \u0430\u0440\u0442\u0438\u043a\u0443\u043b, \u043c\u044b \u043f\u0440\u043e\u0432\u0435\u0440\u0438\u043c \u0435\u0433\u043e \u0438 \u0443\u0432\u0435\u0434\u043e\u043c\u0438\u043c \u0432\u0430\u0441 \u043e \u0442\u043e\u043c, \u0447\u0442\u043e \u043e\u043d \u043f\u043e\u043b\u0443\u0447\u0435\u043d. \u041f\u043e\u0441\u043b\u0435 \u043f\u0440\u043e\u0432\u0435\u0440\u043a\u0438 \u0441\u0442\u0430\u0442\u044c\u0438 \u043c\u044b \u0441\u043e\u043e\u0431\u0449\u0438\u043c \u0432\u0430\u043c \u043e \u0442\u043e\u043c, \u0432 \u043a\u0430\u043a\u043e\u043c \u0441\u043e\u0441\u0442\u043e\u044f\u043d\u0438\u0438 \u043e\u043d\u0430 \u043d\u0430\u0445\u043e\u0434\u0438\u0442\u0441\u044f. \u0412 \u0441\u043b\u0443\u0447\u0430\u0435 \u043f\u043e\u043b\u043e\u0436\u0438\u0442\u0435\u043b\u044c\u043d\u043e\u0433\u043e \u0440\u0435\u0448\u0435\u043d\u0438\u044f \u043e \u0432\u044b\u0434\u0430\u0447\u0435, \u043c\u044b \u043d\u0430\u0447\u043d\u0435\u043c \u0432\u044b\u0434\u0430\u0447\u0443 \u0434\u0435\u043d\u0435\u0433 \u0434\u043b\u044f \u0432\u0430\u0441. \u0412 \u0441\u043e\u043e\u0442\u0432\u0435\u0442\u0441\u0442\u0432\u0438\u0438 \u0441 \u043f\u043e\u043b\u0438\u0442\u0438\u043a\u043e\u0439 \u044d\u043c\u0438\u0442\u0435\u043d\u0442\u0430 \u043a\u0440\u0435\u0434\u0438\u0442\u043d\u043e\u0439 \u043a\u0430\u0440\u0442\u044b, \u0432\u044b \u043f\u043e\u043b\u0443\u0447\u0438\u0442\u0435 \u043a\u0440\u0435\u0434\u0438\u0442\u043d\u0443\u044e \u043a\u0430\u0440\u0442\u0443 \u0432 \u0442\u0435\u0447\u0435\u043d\u0438\u0435 \u043e\u043f\u0440\u0435\u0434\u0435\u043b\u0435\u043d\u043d\u043e\u0433\u043e \u043a\u043e\u043b\u0438\u0447\u0435\u0441\u0442\u0432\u0430 \u0434\u043d\u0435\u0439.<\/p><h3 class=\"kt-adv-heading_e8229f-11 wp-block-kadence-advancedheading\" data-kb-block=\"kb-adv-heading_e8229f-11\">\u041e\u0422\u041f\u0420\u0410\u0412\u041a\u0410 \u0414\u0415 \u0414\u0415\u0412\u041e\u041b\u042c\u042e\u0421\u042c\u041e\u041d<\/h3><p>\u0415\u0441\u043b\u0438 \u0432\u044b \u0445\u043e\u0442\u0438\u0442\u0435 \u043f\u0435\u0440\u0435\u0441\u043b\u0430\u0442\u044c \u0441\u0442\u0430\u0442\u044c\u044e, \u0432\u044b \u043d\u0435\u0441\u0435\u0442\u0435 \u043e\u0442\u0432\u0435\u0442\u0441\u0442\u0432\u0435\u043d\u043d\u043e\u0441\u0442\u044c \u0437\u0430 \u0441\u043e\u0431\u0441\u0442\u0432\u0435\u043d\u043d\u044b\u0435 \u0440\u0430\u0441\u0445\u043e\u0434\u044b \u043d\u0430 \u043f\u0435\u0440\u0435\u0441\u044b\u043b\u043a\u0443. \u0420\u0430\u0441\u0445\u043e\u0434\u044b \u043d\u0430 \u043f\u0435\u0440\u0435\u0441\u044b\u043b\u043a\u0443 \u043d\u0435 \u043f\u043e\u0434\u043b\u0435\u0436\u0430\u0442 \u043f\u043e\u0432\u0442\u043e\u0440\u043d\u043e\u043c\u0443 \u0432\u043e\u0437\u043c\u0435\u0449\u0435\u043d\u0438\u044e. \u0420\u0430\u0441\u0445\u043e\u0434\u044b \u043d\u0430 \u043f\u0435\u0440\u0435\u0441\u044b\u043b\u043a\u0443 \u0432\u044b\u0447\u0438\u0442\u0430\u044e\u0442\u0441\u044f \u0438\u0437 \u0441\u0443\u043c\u043c\u044b \u0432\u043e\u0437\u043c\u0435\u0449\u0435\u043d\u0438\u044f.<\/p><p>\u0415\u0441\u043b\u0438 \u0443 \u0432\u0430\u0441 \u0435\u0441\u0442\u044c \u0432\u043e\u043f\u0440\u043e\u0441\u044b \u043e \u0442\u043e\u043c, \u043a\u0430\u043a \u043e\u0442\u043f\u0440\u0430\u0432\u0438\u0442\u044c \u0441\u0442\u0430\u0442\u044c\u044e, \u043e\u0431\u0440\u0430\u0449\u0430\u0439\u0442\u0435\u0441\u044c \u043a \u043d\u0430\u043c.<\/p>\t\t\t\t\t\t\t\t<\/div>\n\t\t\t\t<\/div>\n\t\t\t\t\t<\/div>\n\t\t<\/div>\n\t\t\t\t\t<\/div>\n\t\t<\/section>\n\t\t\t\t<\/div>","protected":false},"excerpt":{"rendered":"<p>Entrega y devoluciones ENTREGA Como somos una empresa internacional, contamos con showrooms en varios pa\u00edses y ciudades. La siguiente tabla proporciona informaci\u00f3n sobre los precios de env\u00edo a cada ubicaci\u00f3n. Ofrecemos entrega GRATUITA en todo el mundo. Tenga en cuenta que esta entrega gratuita es solo por tiempo limitado. Reino Unido 3-5 d\u00edas laborables GRATIS [&hellip;]<\/p>\n","protected":false},"author":53,"featured_media":0,"parent":0,"menu_order":0,"comment_status":"closed","ping_status":"closed","template":"","meta":{"_kad_blocks_custom_css":"","_kad_blocks_head_custom_js":"","_kad_blocks_body_custom_js":"","_kad_blocks_footer_custom_js":"","site-sidebar-layout":"no-sidebar","site-content-layout":"","ast-site-content-layout":"full-width-container","site-content-style":"default","site-sidebar-style":"default","ast-global-header-display":"","ast-banner-title-visibility":"","ast-main-header-display":"","ast-hfb-above-header-display":"","ast-hfb-below-header-display":"","ast-hfb-mobile-header-display":"","site-post-title":"disabled","ast-breadcrumbs-content":"","ast-featured-img":"disabled","footer-sml-layout":"","ast-disable-related-posts":"","theme-transparent-header-meta":"","adv-header-id-meta":"","stick-header-meta":"","header-above-stick-meta":"","header-main-stick-meta":"","header-below-stick-meta":"","astra-migrate-meta-layouts":"default","ast-page-background-enabled":"default","ast-page-background-meta":{"desktop":{"background-color":"var(--ast-global-color-4)","background-image":"","background-repeat":"repeat","background-position":"center center","background-size":"auto","background-attachment":"scroll","background-type":"","background-media":"","overlay-type":"","overlay-color":"","overlay-opacity":"","overlay-gradient":""},"tablet":{"background-color":"","background-image":"","background-repeat":"repeat","background-position":"center center","background-size":"auto","background-attachment":"scroll","background-type":"","background-media":"","overlay-type":"","overlay-color":"","overlay-opacity":"","overlay-gradient":""},"mobile":{"background-color":"","background-image":"","background-repeat":"repeat","background-position":"center center","background-size":"auto","background-attachment":"scroll","background-type":"","background-media":"","overlay-type":"","overlay-color":"","overlay-opacity":"","overlay-gradient":""}},"ast-content-background-meta":{"desktop":{"background-color":"var(--ast-global-color-5)","background-image":"","background-repeat":"repeat","background-position":"center center","background-size":"auto","background-attachment":"scroll","background-type":"","background-media":"","overlay-type":"","overlay-color":"","overlay-opacity":"","overlay-gradient":""},"tablet":{"background-color":"var(--ast-global-color-5)","background-image":"","background-repeat":"repeat","background-position":"center center","background-size":"auto","background-attachment":"scroll","background-type":"","background-media":"","overlay-type":"","overlay-color":"","overlay-opacity":"","overlay-gradient":""},"mobile":{"background-color":"var(--ast-global-color-5)","background-image":"","background-repeat":"repeat","background-position":"center center","background-size":"auto","background-attachment":"scroll","background-type":"","background-media":"","overlay-type":"","overlay-color":"","overlay-opacity":"","overlay-gradient":""}},"_joinchat":[],"footnotes":""},"class_list":["post-2429","page","type-page","status-publish","hentry"],"featured_image_src_large":false,"author_info":{"display_name":"","author_link":"https:\/\/wellnesswithlifeexpert.com\/ru\/author\/"},"comment_info":0,"taxonomy_info":[],"jetpack_sharing_enabled":true,"_links":{"self":[{"href":"https:\/\/wellnesswithlifeexpert.com\/ru\/wp-json\/wp\/v2\/pages\/2429","targetHints":{"allow":["GET"]}}],"collection":[{"href":"https:\/\/wellnesswithlifeexpert.com\/ru\/wp-json\/wp\/v2\/pages"}],"about":[{"href":"https:\/\/wellnesswithlifeexpert.com\/ru\/wp-json\/wp\/v2\/types\/page"}],"author":[{"embeddable":true,"href":"https:\/\/wellnesswithlifeexpert.com\/ru\/wp-json\/wp\/v2\/users\/53"}],"replies":[{"embeddable":true,"href":"https:\/\/wellnesswithlifeexpert.com\/ru\/wp-json\/wp\/v2\/comments?post=2429"}],"version-history":[{"count":1,"href":"https:\/\/wellnesswithlifeexpert.com\/ru\/wp-json\/wp\/v2\/pages\/2429\/revisions"}],"predecessor-version":[{"id":2667,"href":"https:\/\/wellnesswithlifeexpert.com\/ru\/wp-json\/wp\/v2\/pages\/2429\/revisions\/2667"}],"wp:attachment":[{"href":"https:\/\/wellnesswithlifeexpert.com\/ru\/wp-json\/wp\/v2\/media?parent=2429"}],"curies":[{"name":"wp","href":"https:\/\/api.w.org\/{rel}","templated":true}]}}