{"id":3363,"date":"2024-10-08T11:28:00","date_gmt":"2024-10-08T10:28:00","guid":{"rendered":"http:\/\/wellnesswithlifeexpert.com\/?post_type=product&#038;p=3363"},"modified":"2026-01-03T13:41:41","modified_gmt":"2026-01-03T13:41:41","slug":"colonguard-gut-supplement","status":"publish","type":"product","link":"https:\/\/wellnesswithlifeexpert.com\/lt\/produktas\/colonguard-gut-supplement\/","title":{"rendered":"ColonGuard \u017earnyno papildas"},"content":{"rendered":"","protected":false},"excerpt":{"rendered":"<p><strong><span class=\"OYPEnA font-feature-liga-off font-feature-clig-off font-feature-calt-off text-decoration-none text-strikethrough-none\">\"ColonGuard\" - valymas, atk\u016brimas ir atsinaujinimas<\/span><\/strong><\/p>\n<p>Palaikykite vir\u0161kinimo sistemos sveikat\u0105 su \"ColonGuard Gut\" maisto papildu, skirtu subalansuotam \u017earnyno mikrobiomui skatinti ir vir\u0161kinimui gerinti. \u0160is nat\u016bralus papildas padeda \u012fsisavinti maistines med\u017eiagas ir palaikyti reguliar\u0173 tu\u0161tinim\u0105si, taip prisid\u0117damas prie bendros vir\u0161kinamojo trakto gerov\u0117s.<\/p>\n<p><strong><span class=\"OYPEnA font-feature-liga-off font-feature-clig-off font-feature-calt-off text-decoration-none text-strikethrough-none\">I\u0161plaukite toksinus, \u012fkraukite gyvenim\u0105<\/span><\/strong><\/p>\n<p class=\"cvGsUA direction-ltr align-start para-style-body\"><span class=\"OYPEnA font-feature-liga-off font-feature-clig-off font-feature-calt-off text-decoration-none text-strikethrough-none\">J\u016bs\u0173 \u017earnynas yra vartai \u012f bendr\u0105 sveikat\u0105. ColonGuard papildas skirtas vir\u0161kinimo sistemos sveikatai atkurti ir palaikyti, u\u017etikrinti pusiausvyr\u0105 ir gyvybingum\u0105 i\u0161 vidaus.<\/span><\/p>\n<p class=\"cvGsUA direction-ltr align-start para-style-body\"><span class=\"OYPEnA font-feature-liga-off font-feature-clig-off font-feature-calt-off text-decoration-none text-strikethrough-none\">Pasaulyje, kuriame \u017earnyno sveikata da\u017enai ignoruojama, labai svarbu suprasti, koki\u0105 didel\u0119 \u012ftak\u0105 ji daro j\u016bs\u0173 kasdieniam gyvenimui.<\/span><\/p>","protected":false},"featured_media":3367,"template":"","meta":{"_kad_blocks_custom_css":"","_kad_blocks_head_custom_js":"","_kad_blocks_body_custom_js":"","_kad_blocks_footer_custom_js":"","site-sidebar-layout":"default","site-content-layout":"","ast-site-content-layout":"default","site-content-style":"default","site-sidebar-style":"default","ast-global-header-display":"","ast-banner-title-visibility":"","ast-main-header-display":"","ast-hfb-above-header-display":"","ast-hfb-below-header-display":"","ast-hfb-mobile-header-display":"","site-post-title":"","ast-breadcrumbs-content":"","ast-featured-img":"","footer-sml-layout":"","ast-disable-related-posts":"","theme-transparent-header-meta":"default","adv-header-id-meta":"","stick-header-meta":"","header-above-stick-meta":"","header-main-stick-meta":"","header-below-stick-meta":"","astra-migrate-meta-layouts":"set","ast-page-background-enabled":"default","ast-page-background-meta":{"desktop":{"background-color":"var(--ast-global-color-4)","background-image":"","background-repeat":"repeat","background-position":"center center","background-size":"auto","background-attachment":"scroll","background-type":"","background-media":"","overlay-type":"","overlay-color":"","overlay-opacity":"","overlay-gradient":""},"tablet":{"background-color":"","background-image":"","background-repeat":"repeat","background-position":"center center","background-size":"auto","background-attachment":"scroll","background-type":"","background-media":"","overlay-type":"","overlay-color":"","overlay-opacity":"","overlay-gradient":""},"mobile":{"background-color":"","background-image":"","background-repeat":"repeat","background-position":"center center","background-size":"auto","background-attachment":"scroll","background-type":"","background-media":"","overlay-type":"","overlay-color":"","overlay-opacity":"","overlay-gradient":""}},"ast-content-background-meta":{"desktop":{"background-color":"var(--ast-global-color-5)","background-image":"","background-repeat":"repeat","background-position":"center center","background-size":"auto","background-attachment":"scroll","background-type":"","background-media":"","overlay-type":"","overlay-color":"","overlay-opacity":"","overlay-gradient":""},"tablet":{"background-color":"var(--ast-global-color-5)","background-image":"","background-repeat":"repeat","background-position":"center center","background-size":"auto","background-attachment":"scroll","background-type":"","background-media":"","overlay-type":"","overlay-color":"","overlay-opacity":"","overlay-gradient":""},"mobile":{"background-color":"var(--ast-global-color-5)","background-image":"","background-repeat":"repeat","background-position":"center center","background-size":"auto","background-attachment":"scroll","background-type":"","background-media":"","overlay-type":"","overlay-color":"","overlay-opacity":"","overlay-gradient":""}},"_joinchat":[]},"product_brand":[],"product_cat":[218],"product_tag":[219],"class_list":{"0":"post-3363","1":"product","2":"type-product","3":"status-publish","4":"has-post-thumbnail","6":"product_cat-supplements","7":"product_tag-colonguard","8":"product_shipping_class-supplements-shipping","9":"desktop-align-left","10":"tablet-align-left","11":"mobile-align-left","13":"first","14":"instock","15":"shipping-taxable","16":"purchasable","17":"product-type-simple"},"featured_image_src_large":["https:\/\/wellnesswithlifeexpert.com\/wp-content\/uploads\/2024\/10\/ColonGuard-gut-supplement-2.jpg",600,600,false],"author_info":[],"comment_info":"","taxonomy_info":{"product_cat":[{"value":218,"label":"Supplements"}],"product_tag":[{"value":219,"label":"ColonGuard"}]},"jetpack_sharing_enabled":true,"_links":{"self":[{"href":"https:\/\/wellnesswithlifeexpert.com\/lt\/wp-json\/wp\/v2\/product\/3363","targetHints":{"allow":["GET"]}}],"collection":[{"href":"https:\/\/wellnesswithlifeexpert.com\/lt\/wp-json\/wp\/v2\/product"}],"about":[{"href":"https:\/\/wellnesswithlifeexpert.com\/lt\/wp-json\/wp\/v2\/types\/product"}],"version-history":[{"count":8,"href":"https:\/\/wellnesswithlifeexpert.com\/lt\/wp-json\/wp\/v2\/product\/3363\/revisions"}],"predecessor-version":[{"id":3676,"href":"https:\/\/wellnesswithlifeexpert.com\/lt\/wp-json\/wp\/v2\/product\/3363\/revisions\/3676"}],"wp:featuredmedia":[{"embeddable":true,"href":"https:\/\/wellnesswithlifeexpert.com\/lt\/wp-json\/wp\/v2\/media\/3367"}],"wp:attachment":[{"href":"https:\/\/wellnesswithlifeexpert.com\/lt\/wp-json\/wp\/v2\/media?parent=3363"}],"wp:term":[{"taxonomy":"product_brand","embeddable":true,"href":"https:\/\/wellnesswithlifeexpert.com\/lt\/wp-json\/wp\/v2\/product_brand?post=3363"},{"taxonomy":"product_cat","embeddable":true,"href":"https:\/\/wellnesswithlifeexpert.com\/lt\/wp-json\/wp\/v2\/product_cat?post=3363"},{"taxonomy":"product_tag","embeddable":true,"href":"https:\/\/wellnesswithlifeexpert.com\/lt\/wp-json\/wp\/v2\/product_tag?post=3363"}],"curies":[{"name":"wp","href":"https:\/\/api.w.org\/{rel}","templated":true}]}}