{"id":2983,"date":"2024-08-18T12:53:03","date_gmt":"2024-08-18T11:53:03","guid":{"rendered":"http:\/\/wellnesswithlifeexpert.com\/?post_type=product&#038;p=2983"},"modified":"2025-08-25T09:23:02","modified_gmt":"2025-08-25T08:23:02","slug":"monthly-replenishment-webwellness","status":"publish","type":"product","link":"https:\/\/wellnesswithlifeexpert.com\/lt\/produktas\/monthly-replenishment-webwellness\/","title":{"rendered":"M\u0117nesinis papildymas \"WebWellness"},"content":{"rendered":"","protected":false},"excerpt":{"rendered":"<p>I\u0161laisvinkite visas \"WebWellness\" \u012frenginio galimybes naudodami m\u0117nesin\u012f papildymo plan\u0105. Vos u\u017e 50 eur\u0173 per m\u0117nes\u012f gausite prieig\u0105 prie pa\u017eangios \"WebWellness\" sistemos, kuri naudoja dirbtin\u012f intelekt\u0105 tiksliai rezultat\u0173 analizei, i\u0161samiam testavimui ir patikimam palaikymui debesyje.<\/p>\n<p>\u0160i prenumerata u\u017etikrina, kad j\u016bs\u0173 sistema bus nuolat atnaujinama, nes bus teikiami nemokami program\u0173 atnaujinimai ir i\u0161pl\u0117stos funkcijos, tod\u0117l gal\u0117site i\u0161likti sveikatingumo technologij\u0173 prie\u0161akyje. \u0160ioms funkcijoms aktyvuoti b\u016btina registracija, kad gal\u0117tum\u0117te skland\u017eiai ir nuolat naudotis visais \"WebWellness\" teikiamais privalumais.<\/p>\n<p>Pasirinkite jums tinkam\u0105 lankstum\u0105: pasirinkite automatin\u012f prat\u0119sim\u0105 arba kiekvien\u0105 m\u0117nes\u012f rankiniu b\u016bdu aktyvuokite prenumerat\u0105, kad prat\u0119stum\u0117te papildymo privalumus. Lengvai ir efektyviai kontroliuokite savo sveikatingumo kelion\u0119.<\/p>","protected":false},"featured_media":2987,"template":"","meta":{"_kad_blocks_custom_css":"","_kad_blocks_head_custom_js":"","_kad_blocks_body_custom_js":"","_kad_blocks_footer_custom_js":"","site-sidebar-layout":"default","site-content-layout":"","ast-site-content-layout":"default","site-content-style":"default","site-sidebar-style":"default","ast-global-header-display":"","ast-banner-title-visibility":"","ast-main-header-display":"","ast-hfb-above-header-display":"","ast-hfb-below-header-display":"","ast-hfb-mobile-header-display":"","site-post-title":"","ast-breadcrumbs-content":"","ast-featured-img":"","footer-sml-layout":"","ast-disable-related-posts":"","theme-transparent-header-meta":"default","adv-header-id-meta":"","stick-header-meta":"","header-above-stick-meta":"","header-main-stick-meta":"","header-below-stick-meta":"","astra-migrate-meta-layouts":"set","ast-page-background-enabled":"default","ast-page-background-meta":{"desktop":{"background-color":"var(--ast-global-color-4)","background-image":"","background-repeat":"repeat","background-position":"center center","background-size":"auto","background-attachment":"scroll","background-type":"","background-media":"","overlay-type":"","overlay-color":"","overlay-opacity":"","overlay-gradient":""},"tablet":{"background-color":"","background-image":"","background-repeat":"repeat","background-position":"center center","background-size":"auto","background-attachment":"scroll","background-type":"","background-media":"","overlay-type":"","overlay-color":"","overlay-opacity":"","overlay-gradient":""},"mobile":{"background-color":"","background-image":"","background-repeat":"repeat","background-position":"center center","background-size":"auto","background-attachment":"scroll","background-type":"","background-media":"","overlay-type":"","overlay-color":"","overlay-opacity":"","overlay-gradient":""}},"ast-content-background-meta":{"desktop":{"background-color":"var(--ast-global-color-5)","background-image":"","background-repeat":"repeat","background-position":"center center","background-size":"auto","background-attachment":"scroll","background-type":"","background-media":"","overlay-type":"","overlay-color":"","overlay-opacity":"","overlay-gradient":""},"tablet":{"background-color":"var(--ast-global-color-5)","background-image":"","background-repeat":"repeat","background-position":"center center","background-size":"auto","background-attachment":"scroll","background-type":"","background-media":"","overlay-type":"","overlay-color":"","overlay-opacity":"","overlay-gradient":""},"mobile":{"background-color":"var(--ast-global-color-5)","background-image":"","background-repeat":"repeat","background-position":"center center","background-size":"auto","background-attachment":"scroll","background-type":"","background-media":"","overlay-type":"","overlay-color":"","overlay-opacity":"","overlay-gradient":""}},"_joinchat":[]},"product_brand":[],"product_cat":[168],"product_tag":[],"class_list":{"0":"post-2983","1":"product","2":"type-product","3":"status-publish","4":"has-post-thumbnail","6":"product_cat-replenishments","7":"desktop-align-left","8":"tablet-align-left","9":"mobile-align-left","11":"first","12":"outofstock","13":"virtual","14":"purchasable","15":"product-type-simple"},"featured_image_src_large":["https:\/\/wellnesswithlifeexpert.com\/wp-content\/uploads\/2024\/08\/Monthly-replenishment-Life-Expert-3.0.png",500,500,false],"author_info":[],"comment_info":"","taxonomy_info":{"product_cat":[{"value":168,"label":"Replenishments"}]},"jetpack_sharing_enabled":true,"_links":{"self":[{"href":"https:\/\/wellnesswithlifeexpert.com\/lt\/wp-json\/wp\/v2\/product\/2983","targetHints":{"allow":["GET"]}}],"collection":[{"href":"https:\/\/wellnesswithlifeexpert.com\/lt\/wp-json\/wp\/v2\/product"}],"about":[{"href":"https:\/\/wellnesswithlifeexpert.com\/lt\/wp-json\/wp\/v2\/types\/product"}],"version-history":[{"count":1,"href":"https:\/\/wellnesswithlifeexpert.com\/lt\/wp-json\/wp\/v2\/product\/2983\/revisions"}],"predecessor-version":[{"id":3446,"href":"https:\/\/wellnesswithlifeexpert.com\/lt\/wp-json\/wp\/v2\/product\/2983\/revisions\/3446"}],"wp:featuredmedia":[{"embeddable":true,"href":"https:\/\/wellnesswithlifeexpert.com\/lt\/wp-json\/wp\/v2\/media\/2987"}],"wp:attachment":[{"href":"https:\/\/wellnesswithlifeexpert.com\/lt\/wp-json\/wp\/v2\/media?parent=2983"}],"wp:term":[{"taxonomy":"product_brand","embeddable":true,"href":"https:\/\/wellnesswithlifeexpert.com\/lt\/wp-json\/wp\/v2\/product_brand?post=2983"},{"taxonomy":"product_cat","embeddable":true,"href":"https:\/\/wellnesswithlifeexpert.com\/lt\/wp-json\/wp\/v2\/product_cat?post=2983"},{"taxonomy":"product_tag","embeddable":true,"href":"https:\/\/wellnesswithlifeexpert.com\/lt\/wp-json\/wp\/v2\/product_tag?post=2983"}],"curies":[{"name":"wp","href":"https:\/\/api.w.org\/{rel}","templated":true}]}}