{"id":366,"date":"2022-06-29T06:03:51","date_gmt":"2022-06-29T05:03:51","guid":{"rendered":"http:\/\/wellnesswithlifeexpert.com\/?page_id=366"},"modified":"2024-12-12T18:56:37","modified_gmt":"2024-12-12T18:56:37","slug":"delivery-and-returns-2","status":"publish","type":"page","link":"https:\/\/wellnesswithlifeexpert.com\/lt\/delivery-and-returns-2\/","title":{"rendered":"Pristatymas ir gr\u0105\u017einimas"},"content":{"rendered":"<div data-elementor-type=\"wp-page\" data-elementor-id=\"366\" class=\"elementor elementor-366\" data-elementor-post-type=\"page\">\n\t\t\t\t<div class=\"elementor-element elementor-element-15643f5e e-flex e-con-boxed e-con e-parent\" data-id=\"15643f5e\" data-element_type=\"container\" data-e-type=\"container\">\n\t\t\t\t\t<div class=\"e-con-inner\">\n\t\t\t\t<div class=\"elementor-element elementor-element-70d01d27 elementor-widget elementor-widget-text-editor\" data-id=\"70d01d27\" data-element_type=\"widget\" data-e-type=\"widget\" data-widget_type=\"text-editor.default\">\n\t\t\t\t<div class=\"elementor-widget-container\">\n\t\t\t\t\t\t\t\t\t<style>.kb-row-layout-id366_8b1272-2b > .kt-row-column-wrap{align-content:start;}:where(.kb-row-layout-id366_8b1272-2b > .kt-row-column-wrap) > .wp-block-kadence-column{justify-content:start;}.kb-row-layout-id366_8b1272-2b > .kt-row-column-wrap{column-gap:var(--global-kb-gap-md, 2rem);row-gap:var(--global-kb-gap-md, 2rem);max-width:1170px;margin-left:auto;margin-right:auto;padding-top:25px;padding-right:15px;padding-bottom:25px;padding-left:15px;grid-template-columns:minmax(0, 1fr);}.kb-row-layout-id366_8b1272-2b > .kt-row-layout-overlay{opacity:0.30;}.kb-row-layout-id366_8b1272-2b{z-index:1;position:relative;}@media all and (max-width: 1024px){.kb-row-layout-id366_8b1272-2b > .kt-row-column-wrap{padding-right:15px;padding-left:15px;grid-template-columns:minmax(0, 1fr);}}@media all and (max-width: 767px){.kb-row-layout-id366_8b1272-2b > .kt-row-column-wrap{padding-right:15px;padding-left:15px;grid-template-columns:minmax(0, 1fr);}}<\/style><div class=\"kb-row-layout-wrap kb-row-layout-id366_8b1272-2b alignnone shadow wp-block-kadence-rowlayout\"><div class=\"kt-row-column-wrap kt-has-1-columns kt-row-layout-equal kt-tab-layout-inherit kt-mobile-layout-row kt-row-valign-top\">\n<p>\u00a0<\/p>\n<style>.kadence-column366_10fefd-34 > .kt-inside-inner-col,.kadence-column366_10fefd-34 > .kt-inside-inner-col:before{border-top-left-radius:0px;border-top-right-radius:0px;border-bottom-right-radius:0px;border-bottom-left-radius:0px;}.kadence-column366_10fefd-34 > .kt-inside-inner-col{column-gap:var(--global-kb-gap-sm, 1rem);}.kadence-column366_10fefd-34 > .kt-inside-inner-col{flex-direction:column;}.kadence-column366_10fefd-34 > .kt-inside-inner-col > .aligncenter{width:100%;}.kadence-column366_10fefd-34 > .kt-inside-inner-col:before{opacity:0.3;}.kadence-column366_10fefd-34{position:relative;}@media all and (max-width: 1024px){.kadence-column366_10fefd-34 > .kt-inside-inner-col{flex-direction:column;justify-content:center;}}@media all and (max-width: 767px){.kadence-column366_10fefd-34 > .kt-inside-inner-col{flex-direction:column;justify-content:center;}}<\/style>\n<div class=\"wp-block-kadence-column kadence-column366_10fefd-34 inner-column-1\">\n<div class=\"kt-inside-inner-col\">\n<h1 class=\"kt-adv-heading366_aa1d14-9b wp-block-kadence-advancedheading\" data-kb-block=\"kb-adv-heading366_aa1d14-9b\">Pristatymas ir gr\u0105\u017einimas<\/h1>\n<h2 class=\"kt-adv-heading366_429c51-35 wp-block-kadence-advancedheading\" data-kb-block=\"kb-adv-heading366_429c51-35\">PRISTATYMAS<\/h2>\n<p>Kadangi esame tarptautin\u0117 \u012fmon\u0117, turime salonus keliose \u0161alyse ir miestuose. Toliau pateiktoje lentel\u0117je pateikiama informacija apie pristatymo \u012f kiekvien\u0105 vietov\u0119 kainas.<\/p>\n<p>Si\u016blome NEMOKAM\u0104 pristatym\u0105 visame pasaulyje. Atkreipkite d\u0117mes\u012f, kad \u0161is nemokamas pristatymas galioja ribot\u0105 laik\u0105.<\/p>\n<div class=\"wp-block-kadence-iconlist kt-svg-icon-list-items kt-svg-icon-list-items_ef1f4f-bd kt-svg-icon-list-columns-1 alignnone\">\n<ul class=\"kt-svg-icon-list\">\n<li class=\"kt-svg-icon-list-style-default kt-svg-icon-list-item-wrap kt-svg-icon-list-item-0 kt-svg-icon-list-level-0\">\n<div class=\"kt-svg-icon-list-single kt-svg-icon-list-single-fe_checkCircle\" style=\"justify-content: center; align-items: center;\">\u00a0<\/div>\n<span class=\"kt-svg-icon-list-text\">JK 3-5 darbo dienos NEMOKAMAI<\/span><\/li>\n<li class=\"kt-svg-icon-list-style-default kt-svg-icon-list-item-wrap kt-svg-icon-list-item-1 kt-svg-icon-list-level-0\">\n<div class=\"kt-svg-icon-list-single kt-svg-icon-list-single-fe_checkCircle\" style=\"justify-content: center; align-items: center;\">\u00a0<\/div>\n<span class=\"kt-svg-icon-list-text\">ES ir visame pasaulyje 7-20 darbo dien\u0173 NEMOKAMAI<\/span><\/li>\n<\/ul>\n<\/div>\n<p>Jei prek\u0117s yra sand\u0117lyje, gausite prane\u0161im\u0105 \u012f savo pa\u0161to d\u0117\u017eut\u0119 ir u\u017esakym\u0105 gausite per 7-20 darbo dien\u0173 per nacionalin\u0119 pa\u0161to tarnyb\u0105.<\/p>\n<h2 class=\"kt-adv-heading366_3e4732-8a wp-block-kadence-advancedheading\" data-kb-block=\"kb-adv-heading366_3e4732-8a\">MOK\u0116JIMAI<\/h2>\n<div class=\"wp-block-kadence-column kadence-column366_a73777-19 inner-column-1\">\n<div class=\"kt-inside-inner-col\">\n<h3 class=\"kt-adv-heading366_ea455c-d5 wp-block-kadence-advancedheading\" data-kb-block=\"kb-adv-heading366_ea455c-d5\">\"PayPal\" pirkini\u0173 apsauga pirk\u0117jams<\/h3>\n<p>Kai mok\u0117dami u\u017e prekes naudojate \"PayPal\" e. pinigin\u0119, j\u016bs\u0173 pinigai yra apsaugoti. \"PayPal\" garantuoja sandorius ir u\u017etikrina apmok\u0117jim\u0105, pristatym\u0105 ir \u012fsigyt\u0173 preki\u0173 kokyb\u0119. Jei prek\u0117 neatitinka apra\u0161ymo arba nebuvo pristatyta, \"PayPal\" gr\u0105\u017eins vis\u0105 pirkimo kain\u0105.<\/p>\n<\/div>\n<\/div>\n<div class=\"wp-block-kadence-column kadence-column366_20cd36-d5 inner-column-2\">\n<div class=\"kt-inside-inner-col\">\n<div class=\"wp-block-kadence-image kb-image366_63af4f-71\">\n<figure class=\"aligncenter size-full\"><img decoding=\"async\" width=\"164\" height=\"43\" class=\"kb-img wp-image-637\" src=\"https:\/\/wellnesswithlifeexpert.com\/wp-content\/uploads\/2022\/07\/Bioresonance-devices-paypal-payments.webp\" alt=\"Bioresonance Devices Paypal Payments\" \/><\/figure>\n<\/div>\n<\/div>\n<\/div>\n<div class=\"wp-block-kadence-column kadence-column366_4a85c0-08 inner-column-1\">\n<div class=\"kt-inside-inner-col\">\n<div class=\"wp-block-kadence-image kb-image366_1dcaaa-d4\">\n<figure class=\"aligncenter size-full\"><img decoding=\"async\" width=\"242\" height=\"72\" class=\"kb-img wp-image-336\" src=\"https:\/\/wellnesswithlifeexpert.com\/wp-content\/uploads\/2022\/06\/Wellness-with-life-expert-bioresonance-machines-payment-options.webp\" alt=\"Wellness With Life Expert Bioresonance Machines Payment Options\" \/><\/figure>\n<\/div>\n<\/div>\n<\/div>\n<div class=\"wp-block-kadence-column kadence-column366_0467b5-95 inner-column-2\">\n<div class=\"kt-inside-inner-col\">\n<h3 class=\"kt-adv-heading366_cb7c0d-eb wp-block-kadence-advancedheading\" data-kb-block=\"kb-adv-heading366_cb7c0d-eb\">Mok\u0117jimai kredito \/ debeto kortel\u0117mis per \"Stripe<\/h3>\n<p>Mok\u0117jimus galima atlikti kredito kortel\u0117mis, debeto kortel\u0117mis ir populiariais b\u016bdais visame pasaulyje per \"Stripe\" mok\u0117jimo platform\u0105. \"Stripe\" yra labai saugi ir vir\u0161ija pramon\u0117s saugumo standartus, ja pasitiki t\u016bkstan\u010diai \u012fmoni\u0173, \u012fskaitant \"Fortune 500\" s\u0105ra\u0161o \u012fmones. \u012evairios \"Stripe\" priemon\u0117s, skirtos korteli\u0173 informacijai apsaugoti, mok\u0117jim\u0173 saugum\u0105 paver\u010dia prioritetu.<\/p>\n<\/div>\n<\/div>\n<h2 class=\"kt-adv-heading366_2739ff-c5 wp-block-kadence-advancedheading\" data-kb-block=\"kb-adv-heading366_2739ff-c5\">GARANTIJA<\/h2>\n<p>Jei gavote netinkamos kokyb\u0117s gamin\u012f arba gamin\u012f, kuriam netaikomos garantinio aptarnavimo s\u0105lygos, kreipkit\u0117s \u012f M\u016aS\u0172 klient\u0173 aptarnavimo skyri\u0173 el. pa\u0161tu <a href=\"mailto:info@wellnesswithlifeexpert.com\" target=\"_blank\" rel=\"noreferrer noopener\">info@wellnesswithlifeexpert.com<\/a><\/p>\n<h2 class=\"kt-adv-heading366_9e40e4-79 wp-block-kadence-advancedheading\" data-kb-block=\"kb-adv-heading366_9e40e4-79\">GR\u0104\u017dINIMAI IR KOMPENSACIJOS<\/h2>\n<p>Esame pasireng\u0119 pad\u0117ti, jei nesate visi\u0161kai patenkinti savo pirkiniu.<\/p>\n<h3 class=\"kt-adv-heading366_6f39ac-ff wp-block-kadence-advancedheading\" data-kb-block=\"kb-adv-heading366_6f39ac-ff\">GR\u0104\u017dINIMAS<\/h3>\n<p>Prek\u0119 galima gr\u0105\u017einti per 14 kalendorini\u0173 dien\u0173. Jei norite gr\u0105\u017einti prek\u0119, ji turi b\u016bti nenaudota ir tokios pat b\u016bkl\u0117s, kokios j\u0105 gavote. Prek\u0117 turi b\u016bti originalioje pakuot\u0117je ir turite tur\u0117ti pirkimo \u010dek\u012f arba pirkimo \u012frodym\u0105.<\/p>\n<h3 class=\"kt-adv-heading366_49fea9-2f wp-block-kadence-advancedheading\" data-kb-block=\"kb-adv-heading366_49fea9-2f\">GR\u0104\u017dINIMAS<\/h3>\n<p>Kai tik gausime j\u016bs\u0173 prek\u0119, j\u0105 patikrinsime ir prane\u0161ime, kad ji gauta. Patikrin\u0119 prek\u0119, informuosime jus apie pinig\u0173 gr\u0105\u017einimo status\u0105. Jei j\u016bs\u0173 gr\u0105\u017einimas bus patvirtintas, inicijuosime pinig\u0173 gr\u0105\u017einim\u0105. Vadovaudamiesi kredito kortel\u0117s i\u0161dav\u0117jo taisykl\u0117mis, kredit\u0105 gausite per tam tikr\u0105 dien\u0173 skai\u010di\u0173.<\/p>\n<h3 class=\"kt-adv-heading366_b3bbb8-61 wp-block-kadence-advancedheading\" data-kb-block=\"kb-adv-heading366_b3bbb8-61\">GR\u0104\u017dINIMO PRISTATYMAS<\/h3>\n<p>Jei nor\u0117site gr\u0105\u017einti prek\u0119, patys tur\u0117site padengti siuntimo i\u0161laidas. Gr\u0105\u017einimo i\u0161laidos negr\u0105\u017einamos. Gr\u0105\u017einimo siuntimo i\u0161laidos bus i\u0161skai\u010diuotos i\u0161 gr\u0105\u017einamos sumos.<\/p>\n<\/div>\n<h3>U\u017dSAKYMO AT\u0160AUKIMAS<\/h3>\n<p>Suprantame, kad kartais tenka at\u0161aukti u\u017esakym\u0105, ir stengiam\u0117s atsi\u017evelgti \u012f j\u016bs\u0173 poreikius. Ta\u010diau atkreipkite d\u0117mes\u012f, kad u\u017e u\u017esakymo at\u0161aukim\u0105 mokamas mokestis, priklausantis nuo u\u017esakymo dyd\u017eio. Taip yra tod\u0117l, kad m\u016bs\u0173 mok\u0117jim\u0173 tvarkytojas \"Stripe\" negr\u0105\u017eina su pradiniu sandoriu susijusi\u0173 apdorojimo mokes\u010di\u0173.<\/p>\n<div class=\"kt-inside-inner-col\">\n<p>Jei turite klausim\u0173, kaip gr\u0105\u017einti prek\u0119, pra\u0161ome <a href=\"https:\/\/wellnesswithlifeexpert.com\/lt\/contact-us\/\" data-type=\"page\" data-id=\"77\">Susisiekite su mumis<\/a>.<\/p>\n<\/div>\n<\/div>\n<\/div><\/div>\n<p>\u00a0<\/p>\n\t\t\t\t\t\t\t\t<\/div>\n\t\t\t\t<\/div>\n\t\t\t\t\t<\/div>\n\t\t\t\t<\/div>\n\t\t\t\t<\/div>","protected":false},"excerpt":{"rendered":"<p>Delivery &amp; Returns DELIVERY Since we are an international company, we have showrooms in several countries and cities. The table below provides information about the delivery prices to each location. We offer FREE delivery worldwide. Please note this free delivery is for a limited time only. \u00a0 UK 3-5 working days FREE \u00a0 EU &amp; [&hellip;]<\/p>\n","protected":false},"author":53,"featured_media":0,"parent":0,"menu_order":0,"comment_status":"closed","ping_status":"closed","template":"","meta":{"_kad_blocks_custom_css":"","_kad_blocks_head_custom_js":"","_kad_blocks_body_custom_js":"","_kad_blocks_footer_custom_js":"","site-sidebar-layout":"no-sidebar","site-content-layout":"","ast-site-content-layout":"default","site-content-style":"default","site-sidebar-style":"default","ast-global-header-display":"","ast-banner-title-visibility":"","ast-main-header-display":"","ast-hfb-above-header-display":"","ast-hfb-below-header-display":"","ast-hfb-mobile-header-display":"","site-post-title":"disabled","ast-breadcrumbs-content":"","ast-featured-img":"disabled","footer-sml-layout":"","ast-disable-related-posts":"","theme-transparent-header-meta":"","adv-header-id-meta":"","stick-header-meta":"","header-above-stick-meta":"","header-main-stick-meta":"","header-below-stick-meta":"","astra-migrate-meta-layouts":"default","ast-page-background-enabled":"default","ast-page-background-meta":{"desktop":{"background-color":"var(--ast-global-color-4)","background-image":"","background-repeat":"repeat","background-position":"center center","background-size":"auto","background-attachment":"scroll","background-type":"","background-media":"","overlay-type":"","overlay-color":"","overlay-opacity":"","overlay-gradient":""},"tablet":{"background-color":"","background-image":"","background-repeat":"repeat","background-position":"center center","background-size":"auto","background-attachment":"scroll","background-type":"","background-media":"","overlay-type":"","overlay-color":"","overlay-opacity":"","overlay-gradient":""},"mobile":{"background-color":"","background-image":"","background-repeat":"repeat","background-position":"center center","background-size":"auto","background-attachment":"scroll","background-type":"","background-media":"","overlay-type":"","overlay-color":"","overlay-opacity":"","overlay-gradient":""}},"ast-content-background-meta":{"desktop":{"background-color":"var(--ast-global-color-5)","background-image":"","background-repeat":"repeat","background-position":"center center","background-size":"auto","background-attachment":"scroll","background-type":"","background-media":"","overlay-type":"","overlay-color":"","overlay-opacity":"","overlay-gradient":""},"tablet":{"background-color":"var(--ast-global-color-5)","background-image":"","background-repeat":"repeat","background-position":"center center","background-size":"auto","background-attachment":"scroll","background-type":"","background-media":"","overlay-type":"","overlay-color":"","overlay-opacity":"","overlay-gradient":""},"mobile":{"background-color":"var(--ast-global-color-5)","background-image":"","background-repeat":"repeat","background-position":"center center","background-size":"auto","background-attachment":"scroll","background-type":"","background-media":"","overlay-type":"","overlay-color":"","overlay-opacity":"","overlay-gradient":""}},"_joinchat":[],"footnotes":""},"class_list":["post-366","page","type-page","status-publish","hentry"],"featured_image_src_large":false,"author_info":{"display_name":"","author_link":"https:\/\/wellnesswithlifeexpert.com\/lt\/author\/"},"comment_info":0,"taxonomy_info":[],"jetpack_sharing_enabled":true,"_links":{"self":[{"href":"https:\/\/wellnesswithlifeexpert.com\/lt\/wp-json\/wp\/v2\/pages\/366","targetHints":{"allow":["GET"]}}],"collection":[{"href":"https:\/\/wellnesswithlifeexpert.com\/lt\/wp-json\/wp\/v2\/pages"}],"about":[{"href":"https:\/\/wellnesswithlifeexpert.com\/lt\/wp-json\/wp\/v2\/types\/page"}],"author":[{"embeddable":true,"href":"https:\/\/wellnesswithlifeexpert.com\/lt\/wp-json\/wp\/v2\/users\/53"}],"replies":[{"embeddable":true,"href":"https:\/\/wellnesswithlifeexpert.com\/lt\/wp-json\/wp\/v2\/comments?post=366"}],"version-history":[{"count":4,"href":"https:\/\/wellnesswithlifeexpert.com\/lt\/wp-json\/wp\/v2\/pages\/366\/revisions"}],"predecessor-version":[{"id":3645,"href":"https:\/\/wellnesswithlifeexpert.com\/lt\/wp-json\/wp\/v2\/pages\/366\/revisions\/3645"}],"wp:attachment":[{"href":"https:\/\/wellnesswithlifeexpert.com\/lt\/wp-json\/wp\/v2\/media?parent=366"}],"curies":[{"name":"wp","href":"https:\/\/api.w.org\/{rel}","templated":true}]}}