{"id":2424,"date":"2023-11-22T21:47:25","date_gmt":"2023-11-22T21:47:25","guid":{"rendered":"http:\/\/wellnesswithlifeexpert.com\/?page_id=2424"},"modified":"2023-12-05T12:40:05","modified_gmt":"2023-12-05T12:40:05","slug":"delivery-and-returns","status":"publish","type":"page","link":"https:\/\/wellnesswithlifeexpert.com\/lt\/delivery-and-returns\/","title":{"rendered":"Delivery and Returns \u2013 \u0420\u0443\u0441\u0441\u043a\u0438\u0439"},"content":{"rendered":"<div data-elementor-type=\"wp-page\" data-elementor-id=\"2424\" class=\"elementor elementor-2424\" data-elementor-post-type=\"page\">\n\t\t\t\t\t\t<section class=\"elementor-section elementor-top-section elementor-element elementor-element-b32165b elementor-section-boxed elementor-section-height-default elementor-section-height-default\" data-id=\"b32165b\" data-element_type=\"section\" data-e-type=\"section\">\n\t\t\t\t\t\t<div class=\"elementor-container elementor-column-gap-default\">\n\t\t\t\t\t<div class=\"elementor-column elementor-col-100 elementor-top-column elementor-element elementor-element-4c5c5df\" data-id=\"4c5c5df\" data-element_type=\"column\" data-e-type=\"column\">\n\t\t\t<div class=\"elementor-widget-wrap elementor-element-populated\">\n\t\t\t\t\t\t<div class=\"elementor-element elementor-element-ff2bc57 elementor-widget elementor-widget-text-editor\" data-id=\"ff2bc57\" data-element_type=\"widget\" data-e-type=\"widget\" data-widget_type=\"text-editor.default\">\n\t\t\t\t<div class=\"elementor-widget-container\">\n\t\t\t\t\t\t\t\t\t<h1 class=\"kt-adv-heading_64083a-3f wp-block-kadence-advancedheading\" data-kb-block=\"kb-adv-heading_64083a-3f\">\u0414\u043e\u0441\u0442\u0430\u0432\u043a\u0430 ir \u0432\u043e\u0437\u0432\u0440\u0430\u0442<br \/>\u0414\u041e\u0421\u0422\u0410\u0412\u041a\u0410<\/h1><p>Kadangi \u043c\u044b tarptaut\u043d\u0430\u044f \u043a\u043e\u043c\u043f\u0430\u043d\u0438\u044f, \u0443 \u043d\u0430\u0441 \u0435\u0441\u0442\u044c \u0448\u043e\u0443-\u0440\u0443\u043c\u044b \u0432 \u043d\u0435\u0441\u043a\u043e\u043b\u044c\u043a\u0438\u0445 \u0441\u0442\u0440\u0430\u043d\u0430\u0445 \u0438 \u0433\u043e\u0440\u043e\u0434\u0430. \u012e lentel\u0117je \u043d\u0438\u0436\u0435 pateikta informacija apie vert\u0117s pristatym\u0105 kiekviename gyvenamajame punkte.<\/p><p>\u041c\u044b \u043f\u0440\u0435\u0434\u043b\u0430\u0433\u0430\u0435\u043c \u0411\u0415\u0421\u041f\u041b\u0410\u0422\u041d\u0423\u042e \u0434\u043e\u0441\u0442\u0430\u0432\u043a\u0443 \u043f\u043e \u0432\u0441\u0435\u043c\u0443 \u043c\u0438\u0440\u0443. \u041e\u0431\u0440\u0430\u0442\u0435 \u0432\u043d\u0438\u043c\u0430\u043d\u0438\u0435, \u0447\u0442\u043e \u0431\u0435\u0441\u043f\u043b\u0430\u0442\u043d\u0430\u044f \u0434\u043e\u0441\u0442\u0430\u0432\u043a\u0430 \u043e\u0441\u0443\u0449\u0435\u0441\u0442\u0432\u043b\u044f\u0435\u0442\u0441\u044f \u0432 \u0442\u0435\u0447\u0435\u043d\u0438\u0435 \u043e\u0433\u0440\u0430\u043d\u0438\u0447\u0435\u043d\u043d\u043e\u0433\u043e \u0432\u0440\u0435\u043c\u0435\u043d\u0438.<\/p><div class=\"wp-block-kadence-iconlist kt-svg-icon-list-items kt-svg-icon-list-items_ef1f4f-bd kt-svg-icon-list-columns-1 alignnone\"><ul class=\"kt-svg-icon-list\"><li class=\"kt-svg-icon-list-style-default kt-svg-icon-list-item-wrap kt-svg-icon-list-item-0 kt-svg-icon-list-level-0\"><p>Jungtin\u0117 Karalyst\u0117 3-5 \u0440\u0430\u0431\u043e\u0447\u0438\u0445 dien\u0173 \u0411\u0415\u0421\u041f\u041b\u0410\u0422\u041d\u041e<\/p><\/li><li class=\"kt-svg-icon-list-style-default kt-svg-icon-list-item-wrap kt-svg-icon-list-item-1 kt-svg-icon-list-level-0\"><p>ES ir visas 7-20 darbinink\u0173 dien\u0173 \u0411\u0415\u0421\u041f\u041b\u0410\u0422\u041d\u041e<\/p><\/li><\/ul><\/div><p>\u0415\u0441\u043b\u0438 \u0442\u043e\u0432\u0430\u0440 \u0435\u0441\u0442\u044c \u043d\u0430 \u0441\u043a\u043b\u0430\u0434\u0435, \u0432\u044b gausite \u0443\u0432\u0435\u0434\u043e\u043c\u043b\u0435\u043d\u0438\u0435 \u043d\u0430 \u0441\u0432\u043e\u0439 \u043f\u043e\u0447\u0442\u043e\u0432\u044b\u0439 \u044f\u0449\u0438\u043a \u0438 gausite \u0437\u0430\u043a\u0430\u0437 \u0432 \u0442\u0435\u0447\u0435\u043d\u0438\u0435 7-20 \u0440\u0430\u0431\u043e\u0447\u0438\u0445 \u0434\u043d\u0435\u0439 \u0447\u0435\u0440\u0435\u0437 \u043d\u0430\u0446\u0438\u043e\u043d\u0430\u043b\u044c\u043d\u0443\u044e \u043f\u043e\u0447\u0442\u043e\u0432\u0443\u044e \u0441\u043b\u0443\u0436\u0431\u0443.<\/p><h2 class=\"kt-adv-heading_a90407-88 wp-block-kadence-advancedheading\" data-kb-block=\"kb-adv-heading_a90407-88\">\u041f\u041b\u0410\u0422\u0415\u0416\u0418<br \/>\u0417\u0430\u0449\u0438\u0442\u0430 \u043f\u043e\u043a\u0443\u043f\u043e\u043a PayPal \u0434\u043b\u044f \u043f\u043e\u043a\u0443\u043f\u0430\u0442\u0435\u043b\u0435\u0439<\/h2><div class=\"wp-block-kadence-rowlayout alignnone\"><div id=\"kt-layout-id_7ca03b-75\" class=\"kt-row-layout-inner kt-layout-id_7ca03b-75\"><div class=\"kt-row-column-wrap kt-has-2-columns kt-gutter-default kt-v-gutter-none kt-row-valign-middle kt-row-layout-left-golden kt-tab-layout-inherit kt-m-colapse-right-to-left kt-mobile-layout-row kt-custom-first-width-65 kt-custom-second-width-35\"><div class=\"wp-block-kadence-column inner-column-1 kadence-column_028f2a-73\"><div class=\"kt-inside-inner-col\"><p>\u041a\u043e\u0433\u0434\u0430 \u0432\u044b \u0438\u0441\u043f\u043e\u043b\u044c\u0437\u0443\u0435\u0442\u0435 \u044d\u043b\u0435\u043a\u0442\u0440\u043e\u043d\u043d\u044b\u0439 \u043a\u043e\u0448\u0435\u043b\u0435\u043a PayPal \u0434\u043b\u044f \u043e\u043f\u043b\u0430\u0442\u044b \u0442\u043e\u0432\u0430\u0440\u043e\u0432, \u0432\u0430\u0448\u0438 \u0434\u0435\u043d\u044c\u0433\u0438 \u0437\u0430\u0449\u0438\u0449\u0435\u043d\u044b. \"PayPal\" garantuoja trans\u0437\u0430\u043a\u0446\u0438\u0438 \u0438 \u043e\u0431\u0435\u0441\u043f\u0435\u0447\u0438\u0432\u0430\u0435\u0442 \u043e\u043f\u043b\u0430\u0442\u0443, \u0434\u043e\u0441\u0442\u0430\u0432\u043a\u0443 \u0438 \u043a\u0430\u0447\u0435\u0441\u0442\u0432\u043e \u043f\u0440\u0438\u043e\u0431\u0440\u0435\u0442\u0435\u043d\u043d\u044b\u0445 \u0442\u043e\u0432\u0430\u0440\u043e\u0432. PayPal \u0432\u0435\u0440\u043d\u0435\u0442 \u043f\u043e\u043b\u043d\u0443\u044e \u0441\u0442\u043e\u0438\u043c\u043e\u0441\u0442\u044c \u043f\u043e\u043a\u0443\u043f\u043a\u0438, \u0435\u0441\u043b\u0438 \u0442\u043e\u0432\u0430\u0440 \u043d\u0435 \u0441\u043e\u043e\u0442\u0432\u0435\u0442\u0441\u0442\u0432\u0443\u0435\u0442 \u043e\u043f\u0438\u0441\u0430\u043d\u0438\u044e \u0438\u043b\u0438 \u043d\u0435 \u0431\u044b\u043b \u0434\u043e\u0441\u0442\u0430\u0432\u043b\u0435\u043d.<\/p><\/div><\/div><div class=\"wp-block-kadence-column inner-column-2 kadence-column_e7e522-e2\"><div class=\"kt-inside-inner-col\"><div class=\"wp-block-kadence-image kb-image_fc9db5-1e\"><figure class=\"aligncenter size-full\"><img decoding=\"async\" class=\"kb-img wp-image-637\" src=\"https:\/\/wellnesswithlifeexpert.com\/wp-content\/uploads\/2022\/07\/Bioresonance-devices-paypal-payments.webp\" alt=\"Bioresonance Devices Paypal Payments\" width=\"164\" height=\"43\" \/><\/figure><\/div><\/div><\/div><\/div><\/div><\/div><div class=\"wp-block-kadence-rowlayout alignnone\"><div id=\"kt-layout-id_dcd2fb-bc\" class=\"kt-row-layout-inner kt-layout-id_dcd2fb-bc\"><div class=\"kt-row-column-wrap kt-has-2-columns kt-gutter-default kt-v-gutter-none kt-row-valign-middle kt-row-layout-left-golden kt-tab-layout-inherit kt-m-colapse-left-to-right kt-mobile-layout-row kt-custom-first-width-35 kt-custom-second-width-65\"><div class=\"wp-block-kadence-column inner-column-1 kadence-column_9ec73f-9f\"><div class=\"kt-inside-inner-col\"><div class=\"wp-block-kadence-image kb-image_e80f90-61\"><figure class=\"aligncenter size-full\"><img decoding=\"async\" class=\"kb-img wp-image-336\" src=\"https:\/\/wellnesswithlifeexpert.com\/wp-content\/uploads\/2022\/06\/Wellness-with-life-expert-bioresonance-machines-payment-options.webp\" alt=\"Wellness With Life Expert Bioresonance Machines Payment Options\" width=\"242\" height=\"72\" \/><\/figure><\/div><\/div><\/div><div class=\"wp-block-kadence-column inner-column-2 kadence-column_371301-b9\"><div class=\"kt-inside-inner-col\"><h3 class=\"kt-adv-heading_cfbf73-15 wp-block-kadence-advancedheading\" data-kb-block=\"kb-adv-heading_cfbf73-15\">Pla\u010diau apie kreditin\u0119\/de\u0431\u0435\u0442\u043e\u0432\u043e\u0439 \u043a\u0430\u0440\u0442\u043e\u0439 \u0447\u0435\u0440\u0435\u0437 Stripe<\/h3><p>Plate\u0436\u0438 \u043c\u043e\u0433\u0443\u0442 \u043e\u0441\u0443\u0449\u0435\u0441\u0442\u0432\u043b\u044f\u0442\u044c\u0441\u044f \u043a\u0440\u0435\u0434\u0438\u0442\u043d\u044b\u043c\u0438 \u0438 \u0434\u0435\u0431\u0435\u0442\u043e\u0432\u044b\u043c\u0438 \u043a\u0430\u0440\u0442\u0430\u043c\u0438, \u0430 \u0442\u0430\u043a\u0436\u0435 \u043f\u043e\u043f\u0443\u043b\u044f\u0440\u043d\u044b\u043c\u0438 \u0441\u043f\u043e\u0441\u043e\u0431\u0430\u043c\u0438 \u043f\u043e \u0432\u0441\u0435\u043c\u0443 \u043c\u0438\u0440\u0443 \u0447\u0435\u0440\u0435\u0437 \u043f\u043b\u0430\u0442\u0435\u0436\u043d\u0443\u044e \u043f\u043b\u0430\u0442\u0444\u043e\u0440\u043c\u0443 Stripe. Stripe \u043e\u0431\u043b\u0430\u0434\u0430\u0435\u0442 auk\u0161\u010diausiu saugos lygiu ir i\u0161eina i\u0161 rinkos standart\u0173, ir t\u016bkstan\u010di\u0173 \u012fmoni\u0173, \u012fskaitant \u012fmones i\u0161 s\u0105ra\u0161o Fortune 500, \u043f\u043e\u043b\u0430\u0433\u0430\u044e\u0442\u0441\u044f \u043d\u0430 \u043d\u0438\u0445. \u0420\u0430\u0437\u043b\u0438\u0447\u043d\u044b\u0435 \u043c\u0435\u0440\u044b Stripe \u043f\u043e \u0437\u0430\u0449\u0438\u0442\u0435 \u0438\u043d\u0444\u043e\u0440\u043c\u0430\u0446\u0438\u0438 \u043e \u043a\u0430\u0440\u0442\u0430\u0445 \u0434\u0435\u043b\u0430\u044e\u0442 \u0431\u0435\u0437\u043e\u043f\u0430\u0441\u043d\u043e\u0441\u0442\u0438 \u043f\u043b\u0430\u0442\u0435\u0436\u0435\u0439 prior\u0442\u043e\u043c.<\/p><\/div><\/div><\/div><\/div><\/div><h2 class=\"kt-adv-heading_13af45-3e wp-block-kadence-advancedheading\" data-kb-block=\"kb-adv-heading_13af45-3e\">\u0413\u0410\u0420\u0410\u041d\u0422\u0418\u042f<\/h2><p>Jei \u0432\u044b \u043f\u043e\u043b\u0443\u0447\u0438\u043b\u0438 \u0442\u043e\u0432\u0430\u0440 ne\u043d\u0430\u0434\u043b\u0435\u0436\u0430\u0449\u0435\u0433\u043e \u043a\u0430\u0447\u0435\u0441\u0442\u0432\u0430 \u0438\u043b\u0438 \u0442\u043e\u0432\u0430\u0440, \u043d\u0430 \u043a\u043e\u0442\u043e\u0440\u044b\u0439 \u0440\u0430\u0441\u043f\u0440\u043e\u0441\u0442\u0440\u0430\u043d\u044f\u044e\u0442\u0441\u044f \u0443\u0441\u043b\u043e\u0432\u0438\u044f \u0433\u0430\u0440\u0430\u043d\u0442\u0438\u0439\u043d\u043e\u0433\u043e \u043e\u0431\u0441\u043b\u0443\u0436\u0438\u0432\u0430\u043d\u0438\u044f, \u043e\u0431\u0440\u0430\u0442\u0438\u0442\u0435\u0441\u044c \u0432 \u041d\u0410\u0428\u0423 \u0441\u043b\u0443\u0436\u0431\u0443 \u043f\u043e\u0434\u0434\u0435\u0440\u0436\u043a\u0438, \u043d\u0430\u043f\u0438\u0441\u0430\u0432 \u043d\u0430\u043c \u043f\u043e \u0430\u0434\u0440\u0435\u0441\u0443 info@wellnesswithlifeexpert.com.<\/p><h2 class=\"kt-adv-heading_547c85-03 wp-block-kadence-advancedheading\" data-kb-block=\"kb-adv-heading_547c85-03\">\u0412\u041e\u0417\u0412\u0420\u0410\u0422\u042b \u0418 \u0412\u041e\u0417\u0412\u0420\u0410\u0422\u042b<\/h2><p>\u041c\u044b \u0437\u0434\u0435\u0441\u044c, \u0447\u0442\u043e\u0431\u044b \u043f\u043e\u043c\u043e\u0447\u044c, \u0435\u0441\u043b\u0438 \u0432\u044b \u043d\u0435 \u043f\u043e\u043b\u043d\u043e\u0441\u0442\u044c\u044e \u0443\u0434\u043e\u0432\u043b\u0435\u0442\u0432\u043e\u0440\u0435\u043d\u044b \u0441\u0432\u043e\u0435\u0439 \u043f\u043e\u043a\u0443\u043f\u043a\u043e\u0439.<\/p><h3 class=\"kt-adv-heading_6708c4-79 wp-block-kadence-advancedheading\" data-kb-block=\"kb-adv-heading_6708c4-79\">\u0412\u041e\u0417\u0412\u0420\u0410\u0422\u042b<\/h3><p>\u0412\u043e\u0437\u0432\u0440\u0430\u0442 \u0442\u043e\u0432\u0430\u0440\u0430 \u0432\u043e\u0437\u043c\u043e\u0436\u0435\u043d \u0432 \u0442\u0435\u0447\u0435\u043d\u0438\u0435 14 \u043a\u0430\u043b\u0435\u043d\u0434\u0430\u0440\u043d\u044b\u0445 \u0434\u043d\u0435\u0439. \u0415\u0441\u043b\u0438 \u0432\u044b \u0445\u043e\u0442\u0438\u0442\u0435 \u0432\u0435\u0440\u043d\u0443\u0442\u044c \u0442\u043e\u0432\u0430\u0440, \u043e\u043d \u0434\u043e\u043b\u0436\u0435\u043d \u0431\u044b\u043b \u0431\u044b\u0442\u044c \u043d\u0435\u0438\u0441\u043f\u043e\u043b\u044c\u0437\u043e\u0432\u0430\u043d\u043d\u0430\u044f \u0438 \u0432 \u0442\u043e\u043c \u0436\u0435 \u0441\u043e\u0441\u0442\u043e\u044f\u043d\u0438\u0438, \u0432 \u043a\u043e\u0442\u043e\u0440\u043e\u043c \u0432\u044b \u0435\u0433\u043e \u043f\u043e\u043b\u0443\u0447\u0438\u043b\u0438. \u0422\u043e\u0432\u0430\u0440 \u0434\u043e\u043b\u0436\u0435\u043d \u0431\u044b\u043b \u0432 \u043e\u0440\u0438\u0433\u0438\u043d\u0430\u043b\u044c\u043d\u043e\u0439 \u0443\u043f\u0430\u043a\u043e\u0432\u043a\u0435, \u0438 \u0443 \u0432\u0430\u0441 \u0434\u043e\u043b\u0436\u0435\u043d \u0431\u044b\u0442\u044c \u0447\u0435\u043a \u0438\u043b\u0438 \u0434\u043e\u043a\u0430\u0437\u0430\u0442\u0435\u043b\u044c\u0441\u0442\u0432\u043e \u043f\u043e\u043a\u0443\u043f\u043a\u0438.<\/p><h3 class=\"kt-adv-heading_bc3e61-79 wp-block-kadence-advancedheading\" data-kb-block=\"kb-adv-heading_bc3e61-79\">\u0412\u041e\u0417\u0412\u0420\u0410\u0422\u042b<\/h3><p>\u041a\u0430\u043a \u0442\u043e\u043b\u044c\u043a\u043e \u043c\u044b \u043f\u043e\u043b\u0443\u0447\u0438\u043c \u0432\u0430\u0448 \u0442\u043e\u0432\u0430\u0440, \u043c\u044b \u043f\u0440\u043e\u0432\u0435\u0440\u0438\u043c \u0435\u0433\u043e \u0438 \u0443\u0432\u0435\u0434\u043e\u043c\u0438\u043c \u0432\u0430\u0441 \u043e \u0435\u0433\u043e \u043f\u043e\u043b\u0443\u0447\u0435\u043d\u0438\u0438. \u041f\u043e\u0441\u043b\u0435 \u043f\u0440\u043e\u0432\u0435\u0440\u043a\u0438 \u0442\u043e\u0432\u0430\u0440\u0430 \u043c\u044b \u0441\u043e\u043e\u0431\u0449\u0438\u043c \u0432\u0430\u043c \u043e \u0441\u0442\u0430\u0442\u0443\u0441\u0435 \u0432\u043e\u0437\u0432\u0440\u0430\u0442\u0430 \u0441\u0440\u0435\u0434\u0441\u0442\u0432. \u0412 \u0441\u043b\u0443\u0447\u0430\u0435, \u0435\u0441\u043b\u0438 \u0432\u0430\u0448 \u0432\u043e\u0437\u0432\u0440\u0430\u0442 \u0431\u0443\u0434\u0435\u0442 \u043e\u0434\u043e\u0431\u0440\u0435\u043d, \u043c\u044b \u0438\u043d\u0438\u0446\u0438\u0438\u0440\u0443\u0435\u043c \u0432\u043e\u0437\u0432\u0440\u0430\u0442 \u0441\u0440\u0435\u0434\u0441\u0442\u0432 \u0434\u043b\u044f \u0432\u0430\u0441. Pagal polit\u043a\u043e\u0439 \u044d\u043c\u0438\u0442\u0435\u043d\u0442\u0430 \u0432\u0430\u0448\u0435\u0439 \u043a\u0440\u0435\u0434\u0438\u0442\u043d\u043e\u0439 \u043a\u0430\u0440\u0442\u0430, \u0432\u044b gausite \u043a\u0440\u0435\u0434\u0438\u0442 \u0432 \u0442\u0435\u0447\u0435\u043d\u0438\u0435 \u043e\u043f\u0440\u0435\u0434\u0435\u043b\u0435\u043d\u043d\u043e\u0433\u043e \u043a\u043e\u043b\u0438\u0447\u0435\u0441\u0442\u0432\u0430 \u0434\u043d\u0435\u0439.<\/p><h3 class=\"kt-adv-heading_e8229f-11 wp-block-kadence-advancedheading\" data-kb-block=\"kb-adv-heading_e8229f-11\">\u0412\u041e\u0417\u0412\u0420\u0410\u0422 \u0414\u041e\u0421\u0422\u0410\u0412\u041a\u0418<\/h3><p>\u0415\u0441\u043b\u0438 \u0432\u044b \u0445\u043e\u0442\u0438\u0442\u0435 \u0432\u0435\u0440\u043d\u0443\u0442\u044c \u0442\u043e\u0432\u0430\u0440, \u0432\u044b \u0441\u0430\u043c\u0438 \u043d\u0435\u0441\u0435\u0442\u0435 \u0440\u0430\u0441\u0445\u043e\u0434\u044b \u043f\u043e \u0434\u043e\u0441\u0442\u0430\u0432\u043a\u0435. \u012evertinus atsakom\u0105sias priemones, ji ne gr\u012f\u017eta. \u0421\u0442\u043e\u0438\u043c\u043e\u0441\u0442\u044c \u043e\u0431\u0440\u0430\u0442\u043d\u043e\u0439 dod\u00e1vky \u0431\u0443\u0434\u0435\u0442 \u0432\u044b\u0447\u0442\u0435\u043d\u0430 \u0438\u0437 \u0441\u0443\u043c\u043c\u044b \u0432\u043e\u0437\u043c\u0435\u0449\u0435\u043d\u0438\u044f.<\/p><p>\u0415\u0441\u043b\u0438 \u0443 \u0432\u0430\u0441 \u0435\u0441\u0442\u044c \u0432\u043e\u043f\u0440\u043e\u0441\u044b \u043e \u0442\u043e\u043c, \u043a\u0430\u043a \u0432\u0435\u0440\u043d\u0443\u0442\u044c \u0442\u043e\u0432\u0430\u0440, \u0441\u0432\u044f\u0436\u0438\u0442\u0435\u0441\u044c \u0441 \u043d\u0430\u043c\u0438.<\/p>\t\t\t\t\t\t\t\t<\/div>\n\t\t\t\t<\/div>\n\t\t\t\t\t<\/div>\n\t\t<\/div>\n\t\t\t\t\t<\/div>\n\t\t<\/section>\n\t\t\t\t<\/div>","protected":false},"excerpt":{"rendered":"<p>\u0414\u043e\u0441\u0442\u0430\u0432\u043a\u0430 \u0438 \u0432\u043e\u0437\u0432\u0440\u0430\u0442 \u0414\u041e\u0421\u0422\u0410\u0412\u041a\u0410 \u041f\u043e\u0441\u043a\u043e\u043b\u044c\u043a\u0443 \u043c\u044b \u043c\u0435\u0436\u0434\u0443\u043d\u0430\u0440\u043e\u0434\u043d\u0430\u044f \u043a\u043e\u043c\u043f\u0430\u043d\u0438\u044f, \u0443 \u043d\u0430\u0441 \u0435\u0441\u0442\u044c \u0448\u043e\u0443-\u0440\u0443\u043c\u044b \u0432 \u043d\u0435\u0441\u043a\u043e\u043b\u044c\u043a\u0438\u0445 \u0441\u0442\u0440\u0430\u043d\u0430\u0445 \u0438 \u0433\u043e\u0440\u043e\u0434\u0430\u0445. \u0412 \u0442\u0430\u0431\u043b\u0438\u0446\u0435 \u043d\u0438\u0436\u0435 \u043f\u0440\u0435\u0434\u0441\u0442\u0430\u0432\u043b\u0435\u043d\u0430 \u0438\u043d\u0444\u043e\u0440\u043c\u0430\u0446\u0438\u044f \u043e \u0441\u0442\u043e\u0438\u043c\u043e\u0441\u0442\u0438 \u0434\u043e\u0441\u0442\u0430\u0432\u043a\u0438 \u0432 \u043a\u0430\u0436\u0434\u044b\u0439 \u043d\u0430\u0441\u0435\u043b\u0435\u043d\u043d\u044b\u0439 \u043f\u0443\u043d\u043a\u0442. \u041c\u044b \u043f\u0440\u0435\u0434\u043b\u0430\u0433\u0430\u0435\u043c \u0411\u0415\u0421\u041f\u041b\u0410\u0422\u041d\u0423\u042e \u0434\u043e\u0441\u0442\u0430\u0432\u043a\u0443 \u043f\u043e \u0432\u0441\u0435\u043c\u0443 \u043c\u0438\u0440\u0443. \u041e\u0431\u0440\u0430\u0442\u0438\u0442\u0435 \u0432\u043d\u0438\u043c\u0430\u043d\u0438\u0435, \u0447\u0442\u043e \u0431\u0435\u0441\u043f\u043b\u0430\u0442\u043d\u0430\u044f \u0434\u043e\u0441\u0442\u0430\u0432\u043a\u0430 \u043e\u0441\u0443\u0449\u0435\u0441\u0442\u0432\u043b\u044f\u0435\u0442\u0441\u044f \u0432 \u0442\u0435\u0447\u0435\u043d\u0438\u0435 \u043e\u0433\u0440\u0430\u043d\u0438\u0447\u0435\u043d\u043d\u043e\u0433\u043e \u0432\u0440\u0435\u043c\u0435\u043d\u0438. \u0412\u0435\u043b\u0438\u043a\u043e\u0431\u0440\u0438\u0442\u0430\u043d\u0438\u044f 3-5 \u0440\u0430\u0431\u043e\u0447\u0438\u0445 \u0434\u043d\u0435\u0439 \u0411\u0415\u0421\u041f\u041b\u0410\u0422\u041d\u041e \u0415\u0421 \u0438 \u0432\u0435\u0441\u044c \u043c\u0438\u0440 [&hellip;]<\/p>\n","protected":false},"author":53,"featured_media":0,"parent":0,"menu_order":0,"comment_status":"closed","ping_status":"closed","template":"","meta":{"_kad_blocks_custom_css":"","_kad_blocks_head_custom_js":"","_kad_blocks_body_custom_js":"","_kad_blocks_footer_custom_js":"","site-sidebar-layout":"no-sidebar","site-content-layout":"","ast-site-content-layout":"full-width-container","site-content-style":"default","site-sidebar-style":"default","ast-global-header-display":"","ast-banner-title-visibility":"","ast-main-header-display":"","ast-hfb-above-header-display":"","ast-hfb-below-header-display":"","ast-hfb-mobile-header-display":"","site-post-title":"disabled","ast-breadcrumbs-content":"","ast-featured-img":"disabled","footer-sml-layout":"","ast-disable-related-posts":"","theme-transparent-header-meta":"","adv-header-id-meta":"","stick-header-meta":"","header-above-stick-meta":"","header-main-stick-meta":"","header-below-stick-meta":"","astra-migrate-meta-layouts":"default","ast-page-background-enabled":"default","ast-page-background-meta":{"desktop":{"background-color":"var(--ast-global-color-4)","background-image":"","background-repeat":"repeat","background-position":"center center","background-size":"auto","background-attachment":"scroll","background-type":"","background-media":"","overlay-type":"","overlay-color":"","overlay-opacity":"","overlay-gradient":""},"tablet":{"background-color":"","background-image":"","background-repeat":"repeat","background-position":"center center","background-size":"auto","background-attachment":"scroll","background-type":"","background-media":"","overlay-type":"","overlay-color":"","overlay-opacity":"","overlay-gradient":""},"mobile":{"background-color":"","background-image":"","background-repeat":"repeat","background-position":"center center","background-size":"auto","background-attachment":"scroll","background-type":"","background-media":"","overlay-type":"","overlay-color":"","overlay-opacity":"","overlay-gradient":""}},"ast-content-background-meta":{"desktop":{"background-color":"var(--ast-global-color-5)","background-image":"","background-repeat":"repeat","background-position":"center center","background-size":"auto","background-attachment":"scroll","background-type":"","background-media":"","overlay-type":"","overlay-color":"","overlay-opacity":"","overlay-gradient":""},"tablet":{"background-color":"var(--ast-global-color-5)","background-image":"","background-repeat":"repeat","background-position":"center center","background-size":"auto","background-attachment":"scroll","background-type":"","background-media":"","overlay-type":"","overlay-color":"","overlay-opacity":"","overlay-gradient":""},"mobile":{"background-color":"var(--ast-global-color-5)","background-image":"","background-repeat":"repeat","background-position":"center center","background-size":"auto","background-attachment":"scroll","background-type":"","background-media":"","overlay-type":"","overlay-color":"","overlay-opacity":"","overlay-gradient":""}},"_joinchat":[],"footnotes":""},"class_list":["post-2424","page","type-page","status-publish","hentry"],"featured_image_src_large":false,"author_info":{"display_name":"","author_link":"https:\/\/wellnesswithlifeexpert.com\/lt\/author\/"},"comment_info":0,"taxonomy_info":[],"jetpack_sharing_enabled":true,"_links":{"self":[{"href":"https:\/\/wellnesswithlifeexpert.com\/lt\/wp-json\/wp\/v2\/pages\/2424","targetHints":{"allow":["GET"]}}],"collection":[{"href":"https:\/\/wellnesswithlifeexpert.com\/lt\/wp-json\/wp\/v2\/pages"}],"about":[{"href":"https:\/\/wellnesswithlifeexpert.com\/lt\/wp-json\/wp\/v2\/types\/page"}],"author":[{"embeddable":true,"href":"https:\/\/wellnesswithlifeexpert.com\/lt\/wp-json\/wp\/v2\/users\/53"}],"replies":[{"embeddable":true,"href":"https:\/\/wellnesswithlifeexpert.com\/lt\/wp-json\/wp\/v2\/comments?post=2424"}],"version-history":[{"count":1,"href":"https:\/\/wellnesswithlifeexpert.com\/lt\/wp-json\/wp\/v2\/pages\/2424\/revisions"}],"predecessor-version":[{"id":2666,"href":"https:\/\/wellnesswithlifeexpert.com\/lt\/wp-json\/wp\/v2\/pages\/2424\/revisions\/2666"}],"wp:attachment":[{"href":"https:\/\/wellnesswithlifeexpert.com\/lt\/wp-json\/wp\/v2\/media?parent=2424"}],"curies":[{"name":"wp","href":"https:\/\/api.w.org\/{rel}","templated":true}]}}