{"id":366,"date":"2022-06-29T06:03:51","date_gmt":"2022-06-29T05:03:51","guid":{"rendered":"http:\/\/wellnesswithlifeexpert.com\/?page_id=366"},"modified":"2024-12-12T18:56:37","modified_gmt":"2024-12-12T18:56:37","slug":"delivery-and-returns-2","status":"publish","type":"page","link":"https:\/\/wellnesswithlifeexpert.com\/es\/delivery-and-returns-2\/","title":{"rendered":"Entregas y devoluciones"},"content":{"rendered":"<div data-elementor-type=\"wp-page\" data-elementor-id=\"366\" class=\"elementor elementor-366\" data-elementor-post-type=\"page\">\n\t\t\t\t<div class=\"elementor-element elementor-element-15643f5e e-flex e-con-boxed e-con e-parent\" data-id=\"15643f5e\" data-element_type=\"container\" data-e-type=\"container\">\n\t\t\t\t\t<div class=\"e-con-inner\">\n\t\t\t\t<div class=\"elementor-element elementor-element-70d01d27 elementor-widget elementor-widget-text-editor\" data-id=\"70d01d27\" data-element_type=\"widget\" data-e-type=\"widget\" data-widget_type=\"text-editor.default\">\n\t\t\t\t<div class=\"elementor-widget-container\">\n\t\t\t\t\t\t\t\t\t<style>.kb-row-layout-id366_8b1272-2b > .kt-row-column-wrap{align-content:start;}:where(.kb-row-layout-id366_8b1272-2b > .kt-row-column-wrap) > .wp-block-kadence-column{justify-content:start;}.kb-row-layout-id366_8b1272-2b > .kt-row-column-wrap{column-gap:var(--global-kb-gap-md, 2rem);row-gap:var(--global-kb-gap-md, 2rem);max-width:1170px;margin-left:auto;margin-right:auto;padding-top:25px;padding-right:15px;padding-bottom:25px;padding-left:15px;grid-template-columns:minmax(0, 1fr);}.kb-row-layout-id366_8b1272-2b > .kt-row-layout-overlay{opacity:0.30;}.kb-row-layout-id366_8b1272-2b{z-index:1;position:relative;}@media all and (max-width: 1024px){.kb-row-layout-id366_8b1272-2b > .kt-row-column-wrap{padding-right:15px;padding-left:15px;grid-template-columns:minmax(0, 1fr);}}@media all and (max-width: 767px){.kb-row-layout-id366_8b1272-2b > .kt-row-column-wrap{padding-right:15px;padding-left:15px;grid-template-columns:minmax(0, 1fr);}}<\/style><div class=\"kb-row-layout-wrap kb-row-layout-id366_8b1272-2b alignnone shadow wp-block-kadence-rowlayout\"><div class=\"kt-row-column-wrap kt-has-1-columns kt-row-layout-equal kt-tab-layout-inherit kt-mobile-layout-row kt-row-valign-top\">\n<p>\u00a0<\/p>\n<style>.kadence-column366_10fefd-34 > .kt-inside-inner-col,.kadence-column366_10fefd-34 > .kt-inside-inner-col:before{border-top-left-radius:0px;border-top-right-radius:0px;border-bottom-right-radius:0px;border-bottom-left-radius:0px;}.kadence-column366_10fefd-34 > .kt-inside-inner-col{column-gap:var(--global-kb-gap-sm, 1rem);}.kadence-column366_10fefd-34 > .kt-inside-inner-col{flex-direction:column;}.kadence-column366_10fefd-34 > .kt-inside-inner-col > .aligncenter{width:100%;}.kadence-column366_10fefd-34 > .kt-inside-inner-col:before{opacity:0.3;}.kadence-column366_10fefd-34{position:relative;}@media all and (max-width: 1024px){.kadence-column366_10fefd-34 > .kt-inside-inner-col{flex-direction:column;justify-content:center;}}@media all and (max-width: 767px){.kadence-column366_10fefd-34 > .kt-inside-inner-col{flex-direction:column;justify-content:center;}}<\/style>\n<div class=\"wp-block-kadence-column kadence-column366_10fefd-34 inner-column-1\">\n<div class=\"kt-inside-inner-col\">\n<h1 class=\"kt-adv-heading366_aa1d14-9b wp-block-kadence-advancedheading\" data-kb-block=\"kb-adv-heading366_aa1d14-9b\">Entregas y devoluciones<\/h1>\n<h2 class=\"kt-adv-heading366_429c51-35 wp-block-kadence-advancedheading\" data-kb-block=\"kb-adv-heading366_429c51-35\">ENTREGA<\/h2>\n<p>Como somos una empresa internacional, tenemos salas de exposici\u00f3n en varios pa\u00edses y ciudades. En la tabla siguiente encontrar\u00e1 informaci\u00f3n sobre los precios de entrega en cada lugar.<\/p>\n<p>Ofrecemos entrega GRATUITA en todo el mundo. Tenga en cuenta que esta entrega gratuita es solo por tiempo limitado.<\/p>\n<div class=\"wp-block-kadence-iconlist kt-svg-icon-list-items kt-svg-icon-list-items_ef1f4f-bd kt-svg-icon-list-columns-1 alignnone\">\n<ul class=\"kt-svg-icon-list\">\n<li class=\"kt-svg-icon-list-style-default kt-svg-icon-list-item-wrap kt-svg-icon-list-item-0 kt-svg-icon-list-level-0\">\n<div class=\"kt-svg-icon-list-single kt-svg-icon-list-single-fe_checkCircle\" style=\"justify-content: center; align-items: center;\">\u00a0<\/div>\n<span class=\"kt-svg-icon-list-text\">Reino Unido 3-5 d\u00edas laborables GRATIS<\/span><\/li>\n<li class=\"kt-svg-icon-list-style-default kt-svg-icon-list-item-wrap kt-svg-icon-list-item-1 kt-svg-icon-list-level-0\">\n<div class=\"kt-svg-icon-list-single kt-svg-icon-list-single-fe_checkCircle\" style=\"justify-content: center; align-items: center;\">\u00a0<\/div>\n<span class=\"kt-svg-icon-list-text\">UE y resto del mundo 7-20 d\u00edas laborables GRATIS<\/span><\/li>\n<\/ul>\n<\/div>\n<p>Si la mercanc\u00eda est\u00e1 en stock, recibir\u00e1 una notificaci\u00f3n en su bandeja de entrada y recibir\u00e1 su pedido en un plazo de 7 a 20 d\u00edas laborables a trav\u00e9s del servicio postal nacional.<\/p>\n<h2 class=\"kt-adv-heading366_3e4732-8a wp-block-kadence-advancedheading\" data-kb-block=\"kb-adv-heading366_3e4732-8a\">PAGOS<\/h2>\n<div class=\"wp-block-kadence-column kadence-column366_a73777-19 inner-column-1\">\n<div class=\"kt-inside-inner-col\">\n<h3 class=\"kt-adv-heading366_ea455c-d5 wp-block-kadence-advancedheading\" data-kb-block=\"kb-adv-heading366_ea455c-d5\">Protecci\u00f3n de compras de PayPal para compradores<\/h3>\n<p>Cuando utiliza el monedero electr\u00f3nico de PayPal para pagar art\u00edculos, su dinero est\u00e1 protegido. PayPal garantiza las transacciones y asegura el pago, la entrega y la calidad de los art\u00edculos comprados. PayPal le devolver\u00e1 el importe \u00edntegro de la compra si el art\u00edculo no se corresponde con la descripci\u00f3n o no ha sido entregado.<\/p>\n<\/div>\n<\/div>\n<div class=\"wp-block-kadence-column kadence-column366_20cd36-d5 inner-column-2\">\n<div class=\"kt-inside-inner-col\">\n<div class=\"wp-block-kadence-image kb-image366_63af4f-71\">\n<figure class=\"aligncenter size-full\"><img decoding=\"async\" width=\"164\" height=\"43\" class=\"kb-img wp-image-637\" src=\"https:\/\/wellnesswithlifeexpert.com\/wp-content\/uploads\/2022\/07\/Bioresonance-devices-paypal-payments.webp\" alt=\"Bioresonance Devices Paypal Payments\" \/><\/figure>\n<\/div>\n<\/div>\n<\/div>\n<div class=\"wp-block-kadence-column kadence-column366_4a85c0-08 inner-column-1\">\n<div class=\"kt-inside-inner-col\">\n<div class=\"wp-block-kadence-image kb-image366_1dcaaa-d4\">\n<figure class=\"aligncenter size-full\"><img decoding=\"async\" width=\"242\" height=\"72\" class=\"kb-img wp-image-336\" src=\"https:\/\/wellnesswithlifeexpert.com\/wp-content\/uploads\/2022\/06\/Wellness-with-life-expert-bioresonance-machines-payment-options.webp\" alt=\"Wellness With Life Expert Bioresonance Machines Payment Options\" \/><\/figure>\n<\/div>\n<\/div>\n<\/div>\n<div class=\"wp-block-kadence-column kadence-column366_0467b5-95 inner-column-2\">\n<div class=\"kt-inside-inner-col\">\n<h3 class=\"kt-adv-heading366_cb7c0d-eb wp-block-kadence-advancedheading\" data-kb-block=\"kb-adv-heading366_cb7c0d-eb\">Pagos con tarjeta de cr\u00e9dito\/d\u00e9bito a trav\u00e9s de Stripe<\/h3>\n<p>Los pagos se pueden realizar con tarjetas de cr\u00e9dito, tarjetas de d\u00e9bito y m\u00e9todos populares en todo el mundo a trav\u00e9s de la plataforma de pago de Stripe. Stripe es altamente segura y supera las normas de seguridad del sector, y miles de empresas, incluidas las incluidas en la lista Fortune 500, conf\u00edan en ellos. Las diversas medidas de Stripe para proteger la informaci\u00f3n de las tarjetas hacen que la seguridad de los pagos sea una prioridad.<\/p>\n<\/div>\n<\/div>\n<h2 class=\"kt-adv-heading366_2739ff-c5 wp-block-kadence-advancedheading\" data-kb-block=\"kb-adv-heading366_2739ff-c5\">GARANT\u00cdA<\/h2>\n<p>Si ha recibido un producto de una calidad inadecuada o un producto que entra dentro de los t\u00e9rminos del servicio de garant\u00eda, p\u00f3ngase en contacto con NUESTRO servicio de atenci\u00f3n al cliente envi\u00e1ndonos un correo electr\u00f3nico a <a href=\"mailto:info@wellnesswithlifeexpert.com\" target=\"_blank\" rel=\"noreferrer noopener\">info@wellnesswithlifeexpert.com<\/a><\/p>\n<h2 class=\"kt-adv-heading366_9e40e4-79 wp-block-kadence-advancedheading\" data-kb-block=\"kb-adv-heading366_9e40e4-79\">DEVOLUCIONES Y REEMBOLSOS<\/h2>\n<p>Estamos aqu\u00ed para ayudarle si no est\u00e1 completamente satisfecho con su compra.<\/p>\n<h3 class=\"kt-adv-heading366_6f39ac-ff wp-block-kadence-advancedheading\" data-kb-block=\"kb-adv-heading366_6f39ac-ff\">DEVOLUCIONES<\/h3>\n<p>Es posible devolver un art\u00edculo en un plazo de 14 d\u00edas naturales. Si desea devolver un art\u00edculo, debe estar sin usar y en las mismas condiciones en que lo recibi\u00f3. El art\u00edculo debe estar en su embalaje original y usted debe tener el recibo o comprobante de compra.<\/p>\n<h3 class=\"kt-adv-heading366_49fea9-2f wp-block-kadence-advancedheading\" data-kb-block=\"kb-adv-heading366_49fea9-2f\">REEMBOLSOS<\/h3>\n<p>En cuanto recibamos su art\u00edculo, lo inspeccionaremos y le notificaremos que lo hemos recibido. Tras inspeccionar el art\u00edculo, le informaremos del estado de su devoluci\u00f3n. En caso de que se apruebe su devoluci\u00f3n, iniciaremos el reembolso para usted. De acuerdo con las pol\u00edticas de la entidad emisora de su tarjeta de cr\u00e9dito, recibir\u00e1 el abono en un determinado n\u00famero de d\u00edas.<\/p>\n<h3 class=\"kt-adv-heading366_b3bbb8-61 wp-block-kadence-advancedheading\" data-kb-block=\"kb-adv-heading366_b3bbb8-61\">ENV\u00cdO DE DEVOLUCIONES<\/h3>\n<p>Si desea devolver un art\u00edculo, deber\u00e1 correr con los gastos de env\u00edo. Los gastos de devoluci\u00f3n no son reembolsables. Los gastos de devoluci\u00f3n se deducir\u00e1n de los reembolsos.<\/p>\n<\/div>\n<h3>CANCELACI\u00d3N DE PEDIDOS<\/h3>\n<p>Entendemos que a veces es necesario realizar cancelaciones, y nos esforzamos por satisfacer sus necesidades. Sin embargo, tenga en cuenta que las cancelaciones incluir\u00e1n una tarifa basada en el tama\u00f1o del pedido. Esto se debe a que Stripe, nuestro procesador de pagos, no reembolsa los gastos de procesamiento asociados a la transacci\u00f3n original.<\/p>\n<div class=\"kt-inside-inner-col\">\n<p>Si tiene preguntas sobre c\u00f3mo devolver un art\u00edculo, por favor <a href=\"https:\/\/wellnesswithlifeexpert.com\/es\/contact-us\/\" data-type=\"page\" data-id=\"77\">Contacte con nosotros<\/a>.<\/p>\n<\/div>\n<\/div>\n<\/div><\/div>\n<p>\u00a0<\/p>\n\t\t\t\t\t\t\t\t<\/div>\n\t\t\t\t<\/div>\n\t\t\t\t\t<\/div>\n\t\t\t\t<\/div>\n\t\t\t\t<\/div>","protected":false},"excerpt":{"rendered":"<p>Delivery &amp; Returns DELIVERY Since we are an international company, we have showrooms in several countries and cities. The table below provides information about the delivery prices to each location. We offer FREE delivery worldwide. Please note this free delivery is for a limited time only. \u00a0 UK 3-5 working days FREE \u00a0 EU &amp; [&hellip;]<\/p>\n","protected":false},"author":53,"featured_media":0,"parent":0,"menu_order":0,"comment_status":"closed","ping_status":"closed","template":"","meta":{"_kad_blocks_custom_css":"","_kad_blocks_head_custom_js":"","_kad_blocks_body_custom_js":"","_kad_blocks_footer_custom_js":"","site-sidebar-layout":"no-sidebar","site-content-layout":"","ast-site-content-layout":"default","site-content-style":"default","site-sidebar-style":"default","ast-global-header-display":"","ast-banner-title-visibility":"","ast-main-header-display":"","ast-hfb-above-header-display":"","ast-hfb-below-header-display":"","ast-hfb-mobile-header-display":"","site-post-title":"disabled","ast-breadcrumbs-content":"","ast-featured-img":"disabled","footer-sml-layout":"","ast-disable-related-posts":"","theme-transparent-header-meta":"","adv-header-id-meta":"","stick-header-meta":"","header-above-stick-meta":"","header-main-stick-meta":"","header-below-stick-meta":"","astra-migrate-meta-layouts":"default","ast-page-background-enabled":"default","ast-page-background-meta":{"desktop":{"background-color":"var(--ast-global-color-4)","background-image":"","background-repeat":"repeat","background-position":"center center","background-size":"auto","background-attachment":"scroll","background-type":"","background-media":"","overlay-type":"","overlay-color":"","overlay-opacity":"","overlay-gradient":""},"tablet":{"background-color":"","background-image":"","background-repeat":"repeat","background-position":"center center","background-size":"auto","background-attachment":"scroll","background-type":"","background-media":"","overlay-type":"","overlay-color":"","overlay-opacity":"","overlay-gradient":""},"mobile":{"background-color":"","background-image":"","background-repeat":"repeat","background-position":"center center","background-size":"auto","background-attachment":"scroll","background-type":"","background-media":"","overlay-type":"","overlay-color":"","overlay-opacity":"","overlay-gradient":""}},"ast-content-background-meta":{"desktop":{"background-color":"var(--ast-global-color-5)","background-image":"","background-repeat":"repeat","background-position":"center center","background-size":"auto","background-attachment":"scroll","background-type":"","background-media":"","overlay-type":"","overlay-color":"","overlay-opacity":"","overlay-gradient":""},"tablet":{"background-color":"var(--ast-global-color-5)","background-image":"","background-repeat":"repeat","background-position":"center center","background-size":"auto","background-attachment":"scroll","background-type":"","background-media":"","overlay-type":"","overlay-color":"","overlay-opacity":"","overlay-gradient":""},"mobile":{"background-color":"var(--ast-global-color-5)","background-image":"","background-repeat":"repeat","background-position":"center center","background-size":"auto","background-attachment":"scroll","background-type":"","background-media":"","overlay-type":"","overlay-color":"","overlay-opacity":"","overlay-gradient":""}},"_joinchat":[],"footnotes":""},"class_list":["post-366","page","type-page","status-publish","hentry"],"featured_image_src_large":false,"author_info":{"display_name":"","author_link":"https:\/\/wellnesswithlifeexpert.com\/es\/author\/"},"comment_info":0,"taxonomy_info":[],"jetpack_sharing_enabled":true,"_links":{"self":[{"href":"https:\/\/wellnesswithlifeexpert.com\/es\/wp-json\/wp\/v2\/pages\/366","targetHints":{"allow":["GET"]}}],"collection":[{"href":"https:\/\/wellnesswithlifeexpert.com\/es\/wp-json\/wp\/v2\/pages"}],"about":[{"href":"https:\/\/wellnesswithlifeexpert.com\/es\/wp-json\/wp\/v2\/types\/page"}],"author":[{"embeddable":true,"href":"https:\/\/wellnesswithlifeexpert.com\/es\/wp-json\/wp\/v2\/users\/53"}],"replies":[{"embeddable":true,"href":"https:\/\/wellnesswithlifeexpert.com\/es\/wp-json\/wp\/v2\/comments?post=366"}],"version-history":[{"count":4,"href":"https:\/\/wellnesswithlifeexpert.com\/es\/wp-json\/wp\/v2\/pages\/366\/revisions"}],"predecessor-version":[{"id":3645,"href":"https:\/\/wellnesswithlifeexpert.com\/es\/wp-json\/wp\/v2\/pages\/366\/revisions\/3645"}],"wp:attachment":[{"href":"https:\/\/wellnesswithlifeexpert.com\/es\/wp-json\/wp\/v2\/media?parent=366"}],"curies":[{"name":"wp","href":"https:\/\/api.w.org\/{rel}","templated":true}]}}