{"id":3621,"date":"2024-11-28T18:57:06","date_gmt":"2024-11-28T18:57:06","guid":{"rendered":"http:\/\/wellnesswithlifeexpert.com\/?post_type=product&#038;p=3621"},"modified":"2026-01-03T13:41:09","modified_gmt":"2026-01-03T13:41:09","slug":"alphamax-v-menopause-supplement","status":"publish","type":"product","link":"https:\/\/wellnesswithlifeexpert.com\/de\/produkt\/alphamax-v-menopause-supplement\/","title":{"rendered":"AlphaMax V+ Nahrungserg\u00e4nzungsmittel f\u00fcr die Wechseljahre"},"content":{"rendered":"","protected":false},"excerpt":{"rendered":"<p class=\"cgHgbA nxe3IQ Xp24Nw PanoWQ\"><strong><span class=\"OYPEnA\">AlphaMax V+ Produkt f\u00fcr die Gesundheit von Frauen<\/span><\/strong><\/p>\n<p>Erleben Sie Erleichterung in den Wechseljahren mit AlphaMax V+, einem nat\u00fcrlichen Nahrungserg\u00e4nzungsmittel, das den Hormonhaushalt ausgleicht und die Symptome der Wechseljahre lindert. Dieses Produkt unterst\u00fctzt die Gesundheit von Frauen, indem es Hitzewallungen, n\u00e4chtliche Schwei\u00dfausbr\u00fcche und Stimmungsschwankungen reduziert und das allgemeine Wohlbefinden in dieser \u00dcbergangsphase f\u00f6rdert.<\/p>\n<p class=\"cgHgbA nxe3IQ Xp24Nw\"><strong><span class=\"OYPEnA\">Ern\u00e4hren Sie Ihre innere G\u00f6ttin<\/span><\/strong><\/p>\n<p class=\"cgHgbA nxe3IQ Xp24Nw\"><span class=\"OYPEnA\">Alpha Max V+ ist ein Frauenprodukt, das den Hormonhaushalt reguliert,<\/span><span class=\"OYPEnA\"><br \/>\n<\/span><span class=\"OYPEnA\">Abst\u00e4nde Menopause, hilft bei schmerzhaften Symptomen der Menstruation<\/span><span class=\"OYPEnA\"><br \/>\n<\/span><span class=\"OYPEnA\">Zyklus, hilft bei Menopause, behandelt vaginale Infektionen und hilft bei<\/span><span class=\"OYPEnA\"><br \/>\n<\/span><span class=\"OYPEnA\">Myomen und Unfruchtbarkeit.<\/span><\/p>","protected":false},"featured_media":3623,"template":"","meta":{"_kad_blocks_custom_css":"","_kad_blocks_head_custom_js":"","_kad_blocks_body_custom_js":"","_kad_blocks_footer_custom_js":"","site-sidebar-layout":"default","site-content-layout":"","ast-site-content-layout":"default","site-content-style":"default","site-sidebar-style":"default","ast-global-header-display":"","ast-banner-title-visibility":"","ast-main-header-display":"","ast-hfb-above-header-display":"","ast-hfb-below-header-display":"","ast-hfb-mobile-header-display":"","site-post-title":"","ast-breadcrumbs-content":"","ast-featured-img":"","footer-sml-layout":"","ast-disable-related-posts":"","theme-transparent-header-meta":"default","adv-header-id-meta":"","stick-header-meta":"","header-above-stick-meta":"","header-main-stick-meta":"","header-below-stick-meta":"","astra-migrate-meta-layouts":"set","ast-page-background-enabled":"default","ast-page-background-meta":{"desktop":{"background-color":"var(--ast-global-color-4)","background-image":"","background-repeat":"repeat","background-position":"center center","background-size":"auto","background-attachment":"scroll","background-type":"","background-media":"","overlay-type":"","overlay-color":"","overlay-opacity":"","overlay-gradient":""},"tablet":{"background-color":"","background-image":"","background-repeat":"repeat","background-position":"center center","background-size":"auto","background-attachment":"scroll","background-type":"","background-media":"","overlay-type":"","overlay-color":"","overlay-opacity":"","overlay-gradient":""},"mobile":{"background-color":"","background-image":"","background-repeat":"repeat","background-position":"center center","background-size":"auto","background-attachment":"scroll","background-type":"","background-media":"","overlay-type":"","overlay-color":"","overlay-opacity":"","overlay-gradient":""}},"ast-content-background-meta":{"desktop":{"background-color":"var(--ast-global-color-5)","background-image":"","background-repeat":"repeat","background-position":"center center","background-size":"auto","background-attachment":"scroll","background-type":"","background-media":"","overlay-type":"","overlay-color":"","overlay-opacity":"","overlay-gradient":""},"tablet":{"background-color":"var(--ast-global-color-5)","background-image":"","background-repeat":"repeat","background-position":"center center","background-size":"auto","background-attachment":"scroll","background-type":"","background-media":"","overlay-type":"","overlay-color":"","overlay-opacity":"","overlay-gradient":""},"mobile":{"background-color":"var(--ast-global-color-5)","background-image":"","background-repeat":"repeat","background-position":"center center","background-size":"auto","background-attachment":"scroll","background-type":"","background-media":"","overlay-type":"","overlay-color":"","overlay-opacity":"","overlay-gradient":""}},"_joinchat":[]},"product_brand":[],"product_cat":[218],"product_tag":[223],"class_list":{"0":"post-3621","1":"product","2":"type-product","3":"status-publish","4":"has-post-thumbnail","6":"product_cat-supplements","7":"product_tag-alphamaxv","8":"product_shipping_class-supplements-shipping","9":"desktop-align-left","10":"tablet-align-left","11":"mobile-align-left","13":"first","14":"instock","15":"shipping-taxable","16":"purchasable","17":"product-type-simple"},"featured_image_src_large":["https:\/\/wellnesswithlifeexpert.com\/wp-content\/uploads\/2024\/11\/AlphaMax-V-menopause-supplement.jpg",900,900,false],"author_info":[],"comment_info":"","taxonomy_info":{"product_cat":[{"value":218,"label":"Supplements"}],"product_tag":[{"value":223,"label":"AlphaMaxV"}]},"jetpack_sharing_enabled":true,"_links":{"self":[{"href":"https:\/\/wellnesswithlifeexpert.com\/de\/wp-json\/wp\/v2\/product\/3621","targetHints":{"allow":["GET"]}}],"collection":[{"href":"https:\/\/wellnesswithlifeexpert.com\/de\/wp-json\/wp\/v2\/product"}],"about":[{"href":"https:\/\/wellnesswithlifeexpert.com\/de\/wp-json\/wp\/v2\/types\/product"}],"version-history":[{"count":4,"href":"https:\/\/wellnesswithlifeexpert.com\/de\/wp-json\/wp\/v2\/product\/3621\/revisions"}],"predecessor-version":[{"id":3662,"href":"https:\/\/wellnesswithlifeexpert.com\/de\/wp-json\/wp\/v2\/product\/3621\/revisions\/3662"}],"wp:featuredmedia":[{"embeddable":true,"href":"https:\/\/wellnesswithlifeexpert.com\/de\/wp-json\/wp\/v2\/media\/3623"}],"wp:attachment":[{"href":"https:\/\/wellnesswithlifeexpert.com\/de\/wp-json\/wp\/v2\/media?parent=3621"}],"wp:term":[{"taxonomy":"product_brand","embeddable":true,"href":"https:\/\/wellnesswithlifeexpert.com\/de\/wp-json\/wp\/v2\/product_brand?post=3621"},{"taxonomy":"product_cat","embeddable":true,"href":"https:\/\/wellnesswithlifeexpert.com\/de\/wp-json\/wp\/v2\/product_cat?post=3621"},{"taxonomy":"product_tag","embeddable":true,"href":"https:\/\/wellnesswithlifeexpert.com\/de\/wp-json\/wp\/v2\/product_tag?post=3621"}],"curies":[{"name":"wp","href":"https:\/\/api.w.org\/{rel}","templated":true}]}}