{"id":3414,"date":"2024-10-27T14:23:55","date_gmt":"2024-10-27T14:23:55","guid":{"rendered":"http:\/\/wellnesswithlifeexpert.com\/?post_type=product&#038;p=3414"},"modified":"2026-01-03T13:41:27","modified_gmt":"2026-01-03T13:41:27","slug":"sunset-anti-stress-supplement","status":"publish","type":"product","link":"https:\/\/wellnesswithlifeexpert.com\/de\/produkt\/sunset-anti-stress-supplement\/","title":{"rendered":"SunSet - Anti-Stress-Erg\u00e4nzung"},"content":{"rendered":"","protected":false},"excerpt":{"rendered":"<p class=\"cvGsUA direction-ltr align-start para-style-body\"><strong><span class=\"OYPEnA font-feature-liga-off font-feature-clig-off font-feature-calt-off text-decoration-none text-strikethrough-none\">Entfesseln Sie die Kraft des erholsamen Schlafs mit SunSet - Anti-Stress Supplement, dem nat\u00fcrlichen Schlafmittel mit Affron, Baldrianwurzel und anderen kraftvollen Extrakten.<\/span><\/strong><\/p>\n<p>Entspannen Sie sich mit SunSet Anti-Stress Supplement, das zur Linderung von Stress und zur Entspannung beitr\u00e4gt. Diese nat\u00fcrliche Formel hilft, \u00c4ngste abzubauen und unterst\u00fctzt einen erholsamen Schlaf, damit Sie Ihren Tag mit einem Gef\u00fchl der Ruhe und des Wohlbefindens beenden k\u00f6nnen.<\/p>\n<p class=\"cvGsUA direction-ltr align-start para-style-body\"><span class=\"OYPEnA font-feature-liga-off font-feature-clig-off font-feature-calt-off text-decoration-none text-strikethrough-none\">SunSet hilft, Stress abzubauen, \u00c4ngste zu lindern und die Stimmung zu heben. Es f\u00f6rdert einen tiefen, qualitativ hochwertigen Schlaf, damit Sie erfrischt und bereit f\u00fcr den Tag aufwachen.<\/span><\/p>\n<p class=\"cvGsUA direction-ltr align-start para-style-body\"><span class=\"OYPEnA font-feature-liga-off font-feature-clig-off font-feature-calt-off text-decoration-none text-strikethrough-none\">SunSet unterst\u00fctzt nicht nur den Schlaf, sondern auch Ihr allgemeines Wohlbefinden - es f\u00f6rdert die Gehirnfunktion, st\u00e4rkt die Gesundheit der Haut und hilft, die Symptome von Depressionen zu lindern. Erleben Sie die nat\u00fcrliche Art und Weise, sich mit SunSet zu entspannen, zu erholen und sich wohl zu f\u00fchlen.<\/span><\/p>","protected":false},"featured_media":3416,"template":"","meta":{"_kad_blocks_custom_css":"","_kad_blocks_head_custom_js":"","_kad_blocks_body_custom_js":"","_kad_blocks_footer_custom_js":"","site-sidebar-layout":"default","site-content-layout":"","ast-site-content-layout":"default","site-content-style":"default","site-sidebar-style":"default","ast-global-header-display":"","ast-banner-title-visibility":"","ast-main-header-display":"","ast-hfb-above-header-display":"","ast-hfb-below-header-display":"","ast-hfb-mobile-header-display":"","site-post-title":"","ast-breadcrumbs-content":"","ast-featured-img":"","footer-sml-layout":"","ast-disable-related-posts":"","theme-transparent-header-meta":"default","adv-header-id-meta":"","stick-header-meta":"","header-above-stick-meta":"","header-main-stick-meta":"","header-below-stick-meta":"","astra-migrate-meta-layouts":"set","ast-page-background-enabled":"default","ast-page-background-meta":{"desktop":{"background-color":"var(--ast-global-color-4)","background-image":"","background-repeat":"repeat","background-position":"center center","background-size":"auto","background-attachment":"scroll","background-type":"","background-media":"","overlay-type":"","overlay-color":"","overlay-opacity":"","overlay-gradient":""},"tablet":{"background-color":"","background-image":"","background-repeat":"repeat","background-position":"center center","background-size":"auto","background-attachment":"scroll","background-type":"","background-media":"","overlay-type":"","overlay-color":"","overlay-opacity":"","overlay-gradient":""},"mobile":{"background-color":"","background-image":"","background-repeat":"repeat","background-position":"center center","background-size":"auto","background-attachment":"scroll","background-type":"","background-media":"","overlay-type":"","overlay-color":"","overlay-opacity":"","overlay-gradient":""}},"ast-content-background-meta":{"desktop":{"background-color":"var(--ast-global-color-5)","background-image":"","background-repeat":"repeat","background-position":"center center","background-size":"auto","background-attachment":"scroll","background-type":"","background-media":"","overlay-type":"","overlay-color":"","overlay-opacity":"","overlay-gradient":""},"tablet":{"background-color":"var(--ast-global-color-5)","background-image":"","background-repeat":"repeat","background-position":"center center","background-size":"auto","background-attachment":"scroll","background-type":"","background-media":"","overlay-type":"","overlay-color":"","overlay-opacity":"","overlay-gradient":""},"mobile":{"background-color":"var(--ast-global-color-5)","background-image":"","background-repeat":"repeat","background-position":"center center","background-size":"auto","background-attachment":"scroll","background-type":"","background-media":"","overlay-type":"","overlay-color":"","overlay-opacity":"","overlay-gradient":""}},"_joinchat":[]},"product_brand":[],"product_cat":[218],"product_tag":[220],"class_list":{"0":"post-3414","1":"product","2":"type-product","3":"status-publish","4":"has-post-thumbnail","6":"product_cat-supplements","7":"product_tag-sunset","8":"product_shipping_class-supplements-shipping","9":"desktop-align-left","10":"tablet-align-left","11":"mobile-align-left","13":"first","14":"instock","15":"shipping-taxable","16":"purchasable","17":"product-type-simple"},"featured_image_src_large":["https:\/\/wellnesswithlifeexpert.com\/wp-content\/uploads\/2024\/10\/SunSet-Anti-Stress-supplement-1.jpg",900,900,false],"author_info":[],"comment_info":"","taxonomy_info":{"product_cat":[{"value":218,"label":"Supplements"}],"product_tag":[{"value":220,"label":"SunSet"}]},"jetpack_sharing_enabled":true,"_links":{"self":[{"href":"https:\/\/wellnesswithlifeexpert.com\/de\/wp-json\/wp\/v2\/product\/3414","targetHints":{"allow":["GET"]}}],"collection":[{"href":"https:\/\/wellnesswithlifeexpert.com\/de\/wp-json\/wp\/v2\/product"}],"about":[{"href":"https:\/\/wellnesswithlifeexpert.com\/de\/wp-json\/wp\/v2\/types\/product"}],"version-history":[{"count":4,"href":"https:\/\/wellnesswithlifeexpert.com\/de\/wp-json\/wp\/v2\/product\/3414\/revisions"}],"predecessor-version":[{"id":3678,"href":"https:\/\/wellnesswithlifeexpert.com\/de\/wp-json\/wp\/v2\/product\/3414\/revisions\/3678"}],"wp:featuredmedia":[{"embeddable":true,"href":"https:\/\/wellnesswithlifeexpert.com\/de\/wp-json\/wp\/v2\/media\/3416"}],"wp:attachment":[{"href":"https:\/\/wellnesswithlifeexpert.com\/de\/wp-json\/wp\/v2\/media?parent=3414"}],"wp:term":[{"taxonomy":"product_brand","embeddable":true,"href":"https:\/\/wellnesswithlifeexpert.com\/de\/wp-json\/wp\/v2\/product_brand?post=3414"},{"taxonomy":"product_cat","embeddable":true,"href":"https:\/\/wellnesswithlifeexpert.com\/de\/wp-json\/wp\/v2\/product_cat?post=3414"},{"taxonomy":"product_tag","embeddable":true,"href":"https:\/\/wellnesswithlifeexpert.com\/de\/wp-json\/wp\/v2\/product_tag?post=3414"}],"curies":[{"name":"wp","href":"https:\/\/api.w.org\/{rel}","templated":true}]}}