{"id":2983,"date":"2024-08-18T12:53:03","date_gmt":"2024-08-18T11:53:03","guid":{"rendered":"http:\/\/wellnesswithlifeexpert.com\/?post_type=product&#038;p=2983"},"modified":"2025-08-25T09:23:02","modified_gmt":"2025-08-25T08:23:02","slug":"monthly-replenishment-webwellness","status":"publish","type":"product","link":"https:\/\/wellnesswithlifeexpert.com\/de\/produkt\/monthly-replenishment-webwellness\/","title":{"rendered":"Monatliche Wiederauff\u00fcllung WebWellness"},"content":{"rendered":"","protected":false},"excerpt":{"rendered":"<p>Sch\u00f6pfen Sie das volle Potenzial Ihres WebWellness-Ger\u00e4ts mit dem monatlichen Auff\u00fcllungsplan aus. F\u00fcr nur 50 \u20ac pro Monat erhalten Sie Zugriff auf das fortschrittliche WebWellness-System, das k\u00fcnstliche Intelligenz f\u00fcr pr\u00e4zise Ergebnisanalysen, umfassende Tests und zuverl\u00e4ssigen Cloud-Support nutzt.<\/p>\n<p>Dieses Abonnement stellt sicher, dass Ihr System mit kostenlosen Programm-Updates und erweiterter Funktionalit\u00e4t auf dem neuesten Stand bleibt, so dass Sie immer auf dem neuesten Stand der Wellness-Technologie sind. Um diese Funktionen zu aktivieren, ist eine Registrierung erforderlich. So haben Sie nahtlosen und kontinuierlichen Zugang zu allen Vorteilen, die WebWellness zu bieten hat.<\/p>\n<p>W\u00e4hlen Sie die Flexibilit\u00e4t, die zu Ihnen passt: Entscheiden Sie sich f\u00fcr eine automatische Verl\u00e4ngerung oder aktivieren Sie Ihr Abonnement jeden Monat manuell, um die Vorteile Ihrer Aufladung zu verl\u00e4ngern. \u00dcbernehmen Sie die Kontrolle \u00fcber Ihre Wellness-Reise mit Leichtigkeit und Effizienz.<\/p>","protected":false},"featured_media":2987,"template":"","meta":{"_kad_blocks_custom_css":"","_kad_blocks_head_custom_js":"","_kad_blocks_body_custom_js":"","_kad_blocks_footer_custom_js":"","site-sidebar-layout":"default","site-content-layout":"","ast-site-content-layout":"default","site-content-style":"default","site-sidebar-style":"default","ast-global-header-display":"","ast-banner-title-visibility":"","ast-main-header-display":"","ast-hfb-above-header-display":"","ast-hfb-below-header-display":"","ast-hfb-mobile-header-display":"","site-post-title":"","ast-breadcrumbs-content":"","ast-featured-img":"","footer-sml-layout":"","ast-disable-related-posts":"","theme-transparent-header-meta":"default","adv-header-id-meta":"","stick-header-meta":"","header-above-stick-meta":"","header-main-stick-meta":"","header-below-stick-meta":"","astra-migrate-meta-layouts":"set","ast-page-background-enabled":"default","ast-page-background-meta":{"desktop":{"background-color":"var(--ast-global-color-4)","background-image":"","background-repeat":"repeat","background-position":"center center","background-size":"auto","background-attachment":"scroll","background-type":"","background-media":"","overlay-type":"","overlay-color":"","overlay-opacity":"","overlay-gradient":""},"tablet":{"background-color":"","background-image":"","background-repeat":"repeat","background-position":"center center","background-size":"auto","background-attachment":"scroll","background-type":"","background-media":"","overlay-type":"","overlay-color":"","overlay-opacity":"","overlay-gradient":""},"mobile":{"background-color":"","background-image":"","background-repeat":"repeat","background-position":"center center","background-size":"auto","background-attachment":"scroll","background-type":"","background-media":"","overlay-type":"","overlay-color":"","overlay-opacity":"","overlay-gradient":""}},"ast-content-background-meta":{"desktop":{"background-color":"var(--ast-global-color-5)","background-image":"","background-repeat":"repeat","background-position":"center center","background-size":"auto","background-attachment":"scroll","background-type":"","background-media":"","overlay-type":"","overlay-color":"","overlay-opacity":"","overlay-gradient":""},"tablet":{"background-color":"var(--ast-global-color-5)","background-image":"","background-repeat":"repeat","background-position":"center center","background-size":"auto","background-attachment":"scroll","background-type":"","background-media":"","overlay-type":"","overlay-color":"","overlay-opacity":"","overlay-gradient":""},"mobile":{"background-color":"var(--ast-global-color-5)","background-image":"","background-repeat":"repeat","background-position":"center center","background-size":"auto","background-attachment":"scroll","background-type":"","background-media":"","overlay-type":"","overlay-color":"","overlay-opacity":"","overlay-gradient":""}},"_joinchat":[]},"product_brand":[],"product_cat":[168],"product_tag":[],"class_list":{"0":"post-2983","1":"product","2":"type-product","3":"status-publish","4":"has-post-thumbnail","6":"product_cat-replenishments","7":"desktop-align-left","8":"tablet-align-left","9":"mobile-align-left","11":"first","12":"outofstock","13":"virtual","14":"purchasable","15":"product-type-simple"},"featured_image_src_large":["https:\/\/wellnesswithlifeexpert.com\/wp-content\/uploads\/2024\/08\/Monthly-replenishment-Life-Expert-3.0.png",500,500,false],"author_info":[],"comment_info":"","taxonomy_info":{"product_cat":[{"value":168,"label":"Replenishments"}]},"jetpack_sharing_enabled":true,"_links":{"self":[{"href":"https:\/\/wellnesswithlifeexpert.com\/de\/wp-json\/wp\/v2\/product\/2983","targetHints":{"allow":["GET"]}}],"collection":[{"href":"https:\/\/wellnesswithlifeexpert.com\/de\/wp-json\/wp\/v2\/product"}],"about":[{"href":"https:\/\/wellnesswithlifeexpert.com\/de\/wp-json\/wp\/v2\/types\/product"}],"version-history":[{"count":1,"href":"https:\/\/wellnesswithlifeexpert.com\/de\/wp-json\/wp\/v2\/product\/2983\/revisions"}],"predecessor-version":[{"id":3446,"href":"https:\/\/wellnesswithlifeexpert.com\/de\/wp-json\/wp\/v2\/product\/2983\/revisions\/3446"}],"wp:featuredmedia":[{"embeddable":true,"href":"https:\/\/wellnesswithlifeexpert.com\/de\/wp-json\/wp\/v2\/media\/2987"}],"wp:attachment":[{"href":"https:\/\/wellnesswithlifeexpert.com\/de\/wp-json\/wp\/v2\/media?parent=2983"}],"wp:term":[{"taxonomy":"product_brand","embeddable":true,"href":"https:\/\/wellnesswithlifeexpert.com\/de\/wp-json\/wp\/v2\/product_brand?post=2983"},{"taxonomy":"product_cat","embeddable":true,"href":"https:\/\/wellnesswithlifeexpert.com\/de\/wp-json\/wp\/v2\/product_cat?post=2983"},{"taxonomy":"product_tag","embeddable":true,"href":"https:\/\/wellnesswithlifeexpert.com\/de\/wp-json\/wp\/v2\/product_tag?post=2983"}],"curies":[{"name":"wp","href":"https:\/\/api.w.org\/{rel}","templated":true}]}}