{"id":2967,"date":"2024-08-18T10:56:04","date_gmt":"2024-08-18T09:56:04","guid":{"rendered":"http:\/\/wellnesswithlifeexpert.com\/?post_type=product&#038;p=2967"},"modified":"2025-04-07T10:31:49","modified_gmt":"2025-04-07T09:31:49","slug":"annual-replenishment-webwellness","status":"publish","type":"product","link":"https:\/\/wellnesswithlifeexpert.com\/de\/produkt\/annual-replenishment-webwellness\/","title":{"rendered":"J\u00e4hrliche Wiederauff\u00fcllung WebWellness"},"content":{"rendered":"","protected":false},"excerpt":{"rendered":"<p>Maximieren Sie Ihre Ersparnisse und Ihren Komfort mit dem Jahresabonnement f\u00fcr WebWellness. Wenn Sie dieses Abonnement erwerben, erhalten Sie 640 \u20ac auf Ihr WebWellness-Konto f\u00fcr nur 400 \u20ac - eine kluge Investition in Ihre Gesundheit und Ihr Wohlbefinden.<\/p>\n<p>Genie\u00dfen Sie ein ganzes Jahr lang ununterbrochenen Service zu einem reduzierten monatlichen Preis von nur 30 \u20ac. Mit dieser einmaligen Aufladung k\u00f6nnen Sie es einrichten und vergessen und 12 Monate lang sorgenfrei nutzen, ohne h\u00e4ufig nachladen zu m\u00fcssen.<\/p>\n<p>W\u00e4hlen Sie die Flexibilit\u00e4t, die zu Ihnen passt: Entscheiden Sie sich f\u00fcr eine automatische Verl\u00e4ngerung oder aktivieren Sie Ihr Abonnement jeden Monat manuell, um die Vorteile Ihrer Aufladung zu verl\u00e4ngern. \u00dcbernehmen Sie die Kontrolle \u00fcber Ihre Wellness-Reise mit Leichtigkeit und Effizienz.<\/p>","protected":false},"featured_media":2973,"template":"","meta":{"_kad_blocks_custom_css":"","_kad_blocks_head_custom_js":"","_kad_blocks_body_custom_js":"","_kad_blocks_footer_custom_js":"","site-sidebar-layout":"default","site-content-layout":"","ast-site-content-layout":"default","site-content-style":"default","site-sidebar-style":"default","ast-global-header-display":"","ast-banner-title-visibility":"","ast-main-header-display":"","ast-hfb-above-header-display":"","ast-hfb-below-header-display":"","ast-hfb-mobile-header-display":"","site-post-title":"","ast-breadcrumbs-content":"","ast-featured-img":"","footer-sml-layout":"","ast-disable-related-posts":"","theme-transparent-header-meta":"default","adv-header-id-meta":"","stick-header-meta":"","header-above-stick-meta":"","header-main-stick-meta":"","header-below-stick-meta":"","astra-migrate-meta-layouts":"set","ast-page-background-enabled":"default","ast-page-background-meta":{"desktop":{"background-color":"var(--ast-global-color-4)","background-image":"","background-repeat":"repeat","background-position":"center center","background-size":"auto","background-attachment":"scroll","background-type":"","background-media":"","overlay-type":"","overlay-color":"","overlay-opacity":"","overlay-gradient":""},"tablet":{"background-color":"","background-image":"","background-repeat":"repeat","background-position":"center center","background-size":"auto","background-attachment":"scroll","background-type":"","background-media":"","overlay-type":"","overlay-color":"","overlay-opacity":"","overlay-gradient":""},"mobile":{"background-color":"","background-image":"","background-repeat":"repeat","background-position":"center center","background-size":"auto","background-attachment":"scroll","background-type":"","background-media":"","overlay-type":"","overlay-color":"","overlay-opacity":"","overlay-gradient":""}},"ast-content-background-meta":{"desktop":{"background-color":"var(--ast-global-color-5)","background-image":"","background-repeat":"repeat","background-position":"center center","background-size":"auto","background-attachment":"scroll","background-type":"","background-media":"","overlay-type":"","overlay-color":"","overlay-opacity":"","overlay-gradient":""},"tablet":{"background-color":"var(--ast-global-color-5)","background-image":"","background-repeat":"repeat","background-position":"center center","background-size":"auto","background-attachment":"scroll","background-type":"","background-media":"","overlay-type":"","overlay-color":"","overlay-opacity":"","overlay-gradient":""},"mobile":{"background-color":"var(--ast-global-color-5)","background-image":"","background-repeat":"repeat","background-position":"center center","background-size":"auto","background-attachment":"scroll","background-type":"","background-media":"","overlay-type":"","overlay-color":"","overlay-opacity":"","overlay-gradient":""}},"_joinchat":[]},"product_brand":[],"product_cat":[168],"product_tag":[],"class_list":{"0":"post-2967","1":"product","2":"type-product","3":"status-publish","4":"has-post-thumbnail","6":"product_cat-replenishments","7":"desktop-align-left","8":"tablet-align-left","9":"mobile-align-left","11":"first","12":"outofstock","13":"virtual","14":"purchasable","15":"product-type-simple"},"featured_image_src_large":["https:\/\/wellnesswithlifeexpert.com\/wp-content\/uploads\/2024\/08\/Annual-replenishment-Life-Expert-3.0-1366x1366.png",1366,1366,true],"author_info":[],"comment_info":"","taxonomy_info":{"product_cat":[{"value":168,"label":"Replenishments"}]},"jetpack_sharing_enabled":true,"_links":{"self":[{"href":"https:\/\/wellnesswithlifeexpert.com\/de\/wp-json\/wp\/v2\/product\/2967","targetHints":{"allow":["GET"]}}],"collection":[{"href":"https:\/\/wellnesswithlifeexpert.com\/de\/wp-json\/wp\/v2\/product"}],"about":[{"href":"https:\/\/wellnesswithlifeexpert.com\/de\/wp-json\/wp\/v2\/types\/product"}],"version-history":[{"count":2,"href":"https:\/\/wellnesswithlifeexpert.com\/de\/wp-json\/wp\/v2\/product\/2967\/revisions"}],"predecessor-version":[{"id":3445,"href":"https:\/\/wellnesswithlifeexpert.com\/de\/wp-json\/wp\/v2\/product\/2967\/revisions\/3445"}],"wp:featuredmedia":[{"embeddable":true,"href":"https:\/\/wellnesswithlifeexpert.com\/de\/wp-json\/wp\/v2\/media\/2973"}],"wp:attachment":[{"href":"https:\/\/wellnesswithlifeexpert.com\/de\/wp-json\/wp\/v2\/media?parent=2967"}],"wp:term":[{"taxonomy":"product_brand","embeddable":true,"href":"https:\/\/wellnesswithlifeexpert.com\/de\/wp-json\/wp\/v2\/product_brand?post=2967"},{"taxonomy":"product_cat","embeddable":true,"href":"https:\/\/wellnesswithlifeexpert.com\/de\/wp-json\/wp\/v2\/product_cat?post=2967"},{"taxonomy":"product_tag","embeddable":true,"href":"https:\/\/wellnesswithlifeexpert.com\/de\/wp-json\/wp\/v2\/product_tag?post=2967"}],"curies":[{"name":"wp","href":"https:\/\/api.w.org\/{rel}","templated":true}]}}