{"id":366,"date":"2022-06-29T06:03:51","date_gmt":"2022-06-29T05:03:51","guid":{"rendered":"http:\/\/wellnesswithlifeexpert.com\/?page_id=366"},"modified":"2024-12-12T18:56:37","modified_gmt":"2024-12-12T18:56:37","slug":"delivery-and-returns-2","status":"publish","type":"page","link":"https:\/\/wellnesswithlifeexpert.com\/de\/delivery-and-returns-2\/","title":{"rendered":"Lieferung und R\u00fcckgabe"},"content":{"rendered":"<div data-elementor-type=\"wp-page\" data-elementor-id=\"366\" class=\"elementor elementor-366\" data-elementor-post-type=\"page\">\n\t\t\t\t<div class=\"elementor-element elementor-element-15643f5e e-flex e-con-boxed e-con e-parent\" data-id=\"15643f5e\" data-element_type=\"container\" data-e-type=\"container\">\n\t\t\t\t\t<div class=\"e-con-inner\">\n\t\t\t\t<div class=\"elementor-element elementor-element-70d01d27 elementor-widget elementor-widget-text-editor\" data-id=\"70d01d27\" data-element_type=\"widget\" data-e-type=\"widget\" data-widget_type=\"text-editor.default\">\n\t\t\t\t<div class=\"elementor-widget-container\">\n\t\t\t\t\t\t\t\t\t<style>.kb-row-layout-id366_8b1272-2b > .kt-row-column-wrap{align-content:start;}:where(.kb-row-layout-id366_8b1272-2b > .kt-row-column-wrap) > .wp-block-kadence-column{justify-content:start;}.kb-row-layout-id366_8b1272-2b > .kt-row-column-wrap{column-gap:var(--global-kb-gap-md, 2rem);row-gap:var(--global-kb-gap-md, 2rem);max-width:1170px;margin-left:auto;margin-right:auto;padding-top:25px;padding-right:15px;padding-bottom:25px;padding-left:15px;grid-template-columns:minmax(0, 1fr);}.kb-row-layout-id366_8b1272-2b > .kt-row-layout-overlay{opacity:0.30;}.kb-row-layout-id366_8b1272-2b{z-index:1;position:relative;}@media all and (max-width: 1024px){.kb-row-layout-id366_8b1272-2b > .kt-row-column-wrap{padding-right:15px;padding-left:15px;grid-template-columns:minmax(0, 1fr);}}@media all and (max-width: 767px){.kb-row-layout-id366_8b1272-2b > .kt-row-column-wrap{padding-right:15px;padding-left:15px;grid-template-columns:minmax(0, 1fr);}}<\/style><div class=\"kb-row-layout-wrap kb-row-layout-id366_8b1272-2b alignnone shadow wp-block-kadence-rowlayout\"><div class=\"kt-row-column-wrap kt-has-1-columns kt-row-layout-equal kt-tab-layout-inherit kt-mobile-layout-row kt-row-valign-top\">\n<p>\u00a0<\/p>\n<style>.kadence-column366_10fefd-34 > .kt-inside-inner-col,.kadence-column366_10fefd-34 > .kt-inside-inner-col:before{border-top-left-radius:0px;border-top-right-radius:0px;border-bottom-right-radius:0px;border-bottom-left-radius:0px;}.kadence-column366_10fefd-34 > .kt-inside-inner-col{column-gap:var(--global-kb-gap-sm, 1rem);}.kadence-column366_10fefd-34 > .kt-inside-inner-col{flex-direction:column;}.kadence-column366_10fefd-34 > .kt-inside-inner-col > .aligncenter{width:100%;}.kadence-column366_10fefd-34 > .kt-inside-inner-col:before{opacity:0.3;}.kadence-column366_10fefd-34{position:relative;}@media all and (max-width: 1024px){.kadence-column366_10fefd-34 > .kt-inside-inner-col{flex-direction:column;justify-content:center;}}@media all and (max-width: 767px){.kadence-column366_10fefd-34 > .kt-inside-inner-col{flex-direction:column;justify-content:center;}}<\/style>\n<div class=\"wp-block-kadence-column kadence-column366_10fefd-34 inner-column-1\">\n<div class=\"kt-inside-inner-col\">\n<h1 class=\"kt-adv-heading366_aa1d14-9b wp-block-kadence-advancedheading\" data-kb-block=\"kb-adv-heading366_aa1d14-9b\">Lieferung und R\u00fcckgabe<\/h1>\n<h2 class=\"kt-adv-heading366_429c51-35 wp-block-kadence-advancedheading\" data-kb-block=\"kb-adv-heading366_429c51-35\">LIEFERUNG<\/h2>\n<p>Da wir ein internationales Unternehmen sind, haben wir Ausstellungsr\u00e4ume in mehreren L\u00e4ndern und St\u00e4dten. Die nachstehende Tabelle enth\u00e4lt Informationen \u00fcber die Lieferpreise f\u00fcr die einzelnen Standorte.<\/p>\n<p>Wir bieten KOSTENLOSE Lieferung weltweit. Bitte beachten Sie, dass diese kostenlose Lieferung nur f\u00fcr eine begrenzte Zeit gilt.<\/p>\n<div class=\"wp-block-kadence-iconlist kt-svg-icon-list-items kt-svg-icon-list-items_ef1f4f-bd kt-svg-icon-list-columns-1 alignnone\">\n<ul class=\"kt-svg-icon-list\">\n<li class=\"kt-svg-icon-list-style-default kt-svg-icon-list-item-wrap kt-svg-icon-list-item-0 kt-svg-icon-list-level-0\">\n<div class=\"kt-svg-icon-list-single kt-svg-icon-list-single-fe_checkCircle\" style=\"justify-content: center; align-items: center;\">\u00a0<\/div>\n<span class=\"kt-svg-icon-list-text\">UK 3-5 Arbeitstage GRATIS<\/span><\/li>\n<li class=\"kt-svg-icon-list-style-default kt-svg-icon-list-item-wrap kt-svg-icon-list-item-1 kt-svg-icon-list-level-0\">\n<div class=\"kt-svg-icon-list-single kt-svg-icon-list-single-fe_checkCircle\" style=\"justify-content: center; align-items: center;\">\u00a0<\/div>\n<span class=\"kt-svg-icon-list-text\">EU und weltweit 7-20 Arbeitstage KOSTENLOS<\/span><\/li>\n<\/ul>\n<\/div>\n<p>Wenn die Ware vorr\u00e4tig ist, erhalten Sie eine Benachrichtigung in Ihrem Posteingang und erhalten Ihre Bestellung innerhalb von 7-20 Arbeitstagen per Post.<\/p>\n<h2 class=\"kt-adv-heading366_3e4732-8a wp-block-kadence-advancedheading\" data-kb-block=\"kb-adv-heading366_3e4732-8a\">ZAHLUNGEN<\/h2>\n<div class=\"wp-block-kadence-column kadence-column366_a73777-19 inner-column-1\">\n<div class=\"kt-inside-inner-col\">\n<h3 class=\"kt-adv-heading366_ea455c-d5 wp-block-kadence-advancedheading\" data-kb-block=\"kb-adv-heading366_ea455c-d5\">PayPal-Kaufschutz f\u00fcr K\u00e4ufer<\/h3>\n<p>Wenn Sie die elektronische Geldb\u00f6rse PayPal zur Bezahlung von Waren verwenden, ist Ihr Geld gesch\u00fctzt. PayPal garantiert Transaktionen und gew\u00e4hrleistet die Zahlung, Lieferung und Qualit\u00e4t der gekauften Waren. PayPal erstattet den vollen Kaufpreis, wenn der Artikel nicht der Beschreibung entspricht oder nicht geliefert wurde.<\/p>\n<\/div>\n<\/div>\n<div class=\"wp-block-kadence-column kadence-column366_20cd36-d5 inner-column-2\">\n<div class=\"kt-inside-inner-col\">\n<div class=\"wp-block-kadence-image kb-image366_63af4f-71\">\n<figure class=\"aligncenter size-full\"><img decoding=\"async\" width=\"164\" height=\"43\" class=\"kb-img wp-image-637\" src=\"https:\/\/wellnesswithlifeexpert.com\/wp-content\/uploads\/2022\/07\/Bioresonance-devices-paypal-payments.webp\" alt=\"Bioresonance Devices Paypal Payments\" \/><\/figure>\n<\/div>\n<\/div>\n<\/div>\n<div class=\"wp-block-kadence-column kadence-column366_4a85c0-08 inner-column-1\">\n<div class=\"kt-inside-inner-col\">\n<div class=\"wp-block-kadence-image kb-image366_1dcaaa-d4\">\n<figure class=\"aligncenter size-full\"><img decoding=\"async\" width=\"242\" height=\"72\" class=\"kb-img wp-image-336\" src=\"https:\/\/wellnesswithlifeexpert.com\/wp-content\/uploads\/2022\/06\/Wellness-with-life-expert-bioresonance-machines-payment-options.webp\" alt=\"Wellness With Life Expert Bioresonance Machines Payment Options\" \/><\/figure>\n<\/div>\n<\/div>\n<\/div>\n<div class=\"wp-block-kadence-column kadence-column366_0467b5-95 inner-column-2\">\n<div class=\"kt-inside-inner-col\">\n<h3 class=\"kt-adv-heading366_cb7c0d-eb wp-block-kadence-advancedheading\" data-kb-block=\"kb-adv-heading366_cb7c0d-eb\">Kredit-\/Debitkartenzahlungen \u00fcber Stripe<\/h3>\n<p>\u00dcber die Stripe-Zahlungsplattform k\u00f6nnen Zahlungen mit Kreditkarten, Debitkarten und anderen g\u00e4ngigen Methoden auf der ganzen Welt vorgenommen werden. Stripe ist hochsicher und \u00fcbertrifft die Sicherheitsstandards der Branche. Tausende von Unternehmen, darunter auch Fortune-500-Unternehmen, verlassen sich auf Stripe. Die verschiedenen Ma\u00dfnahmen von Stripe zum Schutz von Kartendaten machen die Zahlungssicherheit zu einer Priorit\u00e4t.<\/p>\n<\/div>\n<\/div>\n<h2 class=\"kt-adv-heading366_2739ff-c5 wp-block-kadence-advancedheading\" data-kb-block=\"kb-adv-heading366_2739ff-c5\">GARANTIE<\/h2>\n<p>Wenn Sie ein Produkt von unzureichender Qualit\u00e4t erhalten haben oder ein Produkt, das unter die Garantiebedingungen f\u00e4llt, wenden Sie sich bitte per E-Mail an unseren Kundendienst <a href=\"mailto:info@wellnesswithlifeexpert.com\" target=\"_blank\" rel=\"noreferrer noopener\">info@wellnesswithlifeexpert.com<\/a><\/p>\n<h2 class=\"kt-adv-heading366_9e40e4-79 wp-block-kadence-advancedheading\" data-kb-block=\"kb-adv-heading366_9e40e4-79\">R\u00dcCKSENDUNGEN UND ERSTATTUNGEN<\/h2>\n<p>Wir sind f\u00fcr Sie da, wenn Sie mit Ihrem Kauf nicht ganz zufrieden sind.<\/p>\n<h3 class=\"kt-adv-heading366_6f39ac-ff wp-block-kadence-advancedheading\" data-kb-block=\"kb-adv-heading366_6f39ac-ff\">R\u00dcCKGABE<\/h3>\n<p>Es ist m\u00f6glich, einen Artikel innerhalb von 14 Kalendertagen zur\u00fcckzugeben. Wenn Sie einen Artikel zur\u00fcckgeben m\u00f6chten, muss er unbenutzt sein und sich in demselben Zustand befinden, in dem Sie ihn erhalten haben. Der Artikel muss originalverpackt sein, und Sie m\u00fcssen die Quittung oder den Kaufbeleg vorlegen.<\/p>\n<h3 class=\"kt-adv-heading366_49fea9-2f wp-block-kadence-advancedheading\" data-kb-block=\"kb-adv-heading366_49fea9-2f\">R\u00dcCKZAHLUNGEN<\/h3>\n<p>Sobald wir Ihren Artikel erhalten haben, werden wir ihn pr\u00fcfen und Sie \u00fcber den Erhalt informieren. Nach der Pr\u00fcfung des Artikels informieren wir Sie \u00fcber den Status Ihrer R\u00fcckerstattung. Falls Ihre R\u00fccksendung genehmigt wird, leiten wir die R\u00fcckerstattung f\u00fcr Sie ein. In \u00dcbereinstimmung mit den Richtlinien Ihres Kreditkartenausstellers erhalten Sie die Gutschrift innerhalb einer bestimmten Anzahl von Tagen.<\/p>\n<h3 class=\"kt-adv-heading366_b3bbb8-61 wp-block-kadence-advancedheading\" data-kb-block=\"kb-adv-heading366_b3bbb8-61\">R\u00dcCKVERSAND<\/h3>\n<p>Wenn Sie einen Artikel zur\u00fccksenden m\u00f6chten, m\u00fcssen Sie die Versandkosten selbst tragen. Die R\u00fccksendekosten werden nicht erstattet. Die R\u00fccksendekosten werden von der R\u00fcckerstattung abgezogen.<\/p>\n<\/div>\n<h3>AUFTRAGSSTORNIERUNG<\/h3>\n<p>Wir verstehen, dass manchmal Stornierungen notwendig sind, und wir bem\u00fchen uns, Ihren Bed\u00fcrfnissen entgegenzukommen. Bitte beachten Sie jedoch, dass bei Stornierungen eine Geb\u00fchr anf\u00e4llt, die sich nach dem Umfang der Bestellung richtet. Dies liegt daran, dass Stripe, unser Zahlungsdienstleister, die mit der urspr\u00fcnglichen Transaktion verbundenen Bearbeitungsgeb\u00fchren nicht erstattet.<\/p>\n<div class=\"kt-inside-inner-col\">\n<p>Wenn Sie Fragen zur R\u00fcckgabe eines Artikels haben, wenden Sie sich bitte an <a href=\"https:\/\/wellnesswithlifeexpert.com\/de\/contact-us\/\" data-type=\"page\" data-id=\"77\">Kontakt<\/a>.<\/p>\n<\/div>\n<\/div>\n<\/div><\/div>\n<p>\u00a0<\/p>\n\t\t\t\t\t\t\t\t<\/div>\n\t\t\t\t<\/div>\n\t\t\t\t\t<\/div>\n\t\t\t\t<\/div>\n\t\t\t\t<\/div>","protected":false},"excerpt":{"rendered":"<p>Delivery &amp; Returns DELIVERY Since we are an international company, we have showrooms in several countries and cities. The table below provides information about the delivery prices to each location. We offer FREE delivery worldwide. Please note this free delivery is for a limited time only. \u00a0 UK 3-5 working days FREE \u00a0 EU &amp; [&hellip;]<\/p>\n","protected":false},"author":53,"featured_media":0,"parent":0,"menu_order":0,"comment_status":"closed","ping_status":"closed","template":"","meta":{"_kad_blocks_custom_css":"","_kad_blocks_head_custom_js":"","_kad_blocks_body_custom_js":"","_kad_blocks_footer_custom_js":"","site-sidebar-layout":"no-sidebar","site-content-layout":"","ast-site-content-layout":"default","site-content-style":"default","site-sidebar-style":"default","ast-global-header-display":"","ast-banner-title-visibility":"","ast-main-header-display":"","ast-hfb-above-header-display":"","ast-hfb-below-header-display":"","ast-hfb-mobile-header-display":"","site-post-title":"disabled","ast-breadcrumbs-content":"","ast-featured-img":"disabled","footer-sml-layout":"","ast-disable-related-posts":"","theme-transparent-header-meta":"","adv-header-id-meta":"","stick-header-meta":"","header-above-stick-meta":"","header-main-stick-meta":"","header-below-stick-meta":"","astra-migrate-meta-layouts":"default","ast-page-background-enabled":"default","ast-page-background-meta":{"desktop":{"background-color":"var(--ast-global-color-4)","background-image":"","background-repeat":"repeat","background-position":"center center","background-size":"auto","background-attachment":"scroll","background-type":"","background-media":"","overlay-type":"","overlay-color":"","overlay-opacity":"","overlay-gradient":""},"tablet":{"background-color":"","background-image":"","background-repeat":"repeat","background-position":"center center","background-size":"auto","background-attachment":"scroll","background-type":"","background-media":"","overlay-type":"","overlay-color":"","overlay-opacity":"","overlay-gradient":""},"mobile":{"background-color":"","background-image":"","background-repeat":"repeat","background-position":"center center","background-size":"auto","background-attachment":"scroll","background-type":"","background-media":"","overlay-type":"","overlay-color":"","overlay-opacity":"","overlay-gradient":""}},"ast-content-background-meta":{"desktop":{"background-color":"var(--ast-global-color-5)","background-image":"","background-repeat":"repeat","background-position":"center center","background-size":"auto","background-attachment":"scroll","background-type":"","background-media":"","overlay-type":"","overlay-color":"","overlay-opacity":"","overlay-gradient":""},"tablet":{"background-color":"var(--ast-global-color-5)","background-image":"","background-repeat":"repeat","background-position":"center center","background-size":"auto","background-attachment":"scroll","background-type":"","background-media":"","overlay-type":"","overlay-color":"","overlay-opacity":"","overlay-gradient":""},"mobile":{"background-color":"var(--ast-global-color-5)","background-image":"","background-repeat":"repeat","background-position":"center center","background-size":"auto","background-attachment":"scroll","background-type":"","background-media":"","overlay-type":"","overlay-color":"","overlay-opacity":"","overlay-gradient":""}},"_joinchat":[],"footnotes":""},"class_list":["post-366","page","type-page","status-publish","hentry"],"featured_image_src_large":false,"author_info":{"display_name":"","author_link":"https:\/\/wellnesswithlifeexpert.com\/de\/author\/"},"comment_info":0,"taxonomy_info":[],"jetpack_sharing_enabled":true,"_links":{"self":[{"href":"https:\/\/wellnesswithlifeexpert.com\/de\/wp-json\/wp\/v2\/pages\/366","targetHints":{"allow":["GET"]}}],"collection":[{"href":"https:\/\/wellnesswithlifeexpert.com\/de\/wp-json\/wp\/v2\/pages"}],"about":[{"href":"https:\/\/wellnesswithlifeexpert.com\/de\/wp-json\/wp\/v2\/types\/page"}],"author":[{"embeddable":true,"href":"https:\/\/wellnesswithlifeexpert.com\/de\/wp-json\/wp\/v2\/users\/53"}],"replies":[{"embeddable":true,"href":"https:\/\/wellnesswithlifeexpert.com\/de\/wp-json\/wp\/v2\/comments?post=366"}],"version-history":[{"count":4,"href":"https:\/\/wellnesswithlifeexpert.com\/de\/wp-json\/wp\/v2\/pages\/366\/revisions"}],"predecessor-version":[{"id":3645,"href":"https:\/\/wellnesswithlifeexpert.com\/de\/wp-json\/wp\/v2\/pages\/366\/revisions\/3645"}],"wp:attachment":[{"href":"https:\/\/wellnesswithlifeexpert.com\/de\/wp-json\/wp\/v2\/media?parent=366"}],"curies":[{"name":"wp","href":"https:\/\/api.w.org\/{rel}","templated":true}]}}