{"id":2429,"date":"2023-11-22T21:52:02","date_gmt":"2023-11-22T21:52:02","guid":{"rendered":"http:\/\/wellnesswithlifeexpert.com\/?page_id=2429"},"modified":"2023-12-05T12:42:31","modified_gmt":"2023-12-05T12:42:31","slug":"delivery-returns","status":"publish","type":"page","link":"https:\/\/wellnesswithlifeexpert.com\/de\/delivery-returns\/","title":{"rendered":"Delivery &amp; Returns \u2013 Espa\u00f1ol"},"content":{"rendered":"<div data-elementor-type=\"wp-page\" data-elementor-id=\"2429\" class=\"elementor elementor-2429\" data-elementor-post-type=\"page\">\n\t\t\t\t\t\t<section class=\"elementor-section elementor-top-section elementor-element elementor-element-ea85c4c elementor-section-boxed elementor-section-height-default elementor-section-height-default\" data-id=\"ea85c4c\" data-element_type=\"section\" data-e-type=\"section\">\n\t\t\t\t\t\t<div class=\"elementor-container elementor-column-gap-default\">\n\t\t\t\t\t<div class=\"elementor-column elementor-col-100 elementor-top-column elementor-element elementor-element-f04b598\" data-id=\"f04b598\" data-element_type=\"column\" data-e-type=\"column\">\n\t\t\t<div class=\"elementor-widget-wrap elementor-element-populated\">\n\t\t\t\t\t\t<div class=\"elementor-element elementor-element-fc65ea5 elementor-widget elementor-widget-text-editor\" data-id=\"fc65ea5\" data-element_type=\"widget\" data-e-type=\"widget\" data-widget_type=\"text-editor.default\">\n\t\t\t\t<div class=\"elementor-widget-container\">\n\t\t\t\t\t\t\t\t\t<h1 class=\"kt-adv-heading_64083a-3f wp-block-kadence-advancedheading\" data-kb-block=\"kb-adv-heading_64083a-3f\">Entrega y devoluciones<br \/>ENTREGA<\/h1><div class=\"wp-block-kadence-iconlist kt-svg-icon-list-items kt-svg-icon-list-items_ef1f4f-bd kt-svg-icon-list-columns-1 alignnone\"><div class=\"kt-svg-icon-list-single kt-svg-icon-list-single-fe_checkCircle\"><p>Como somos una empresa internacional, contamos con showrooms en varios pa\u00edses y ciudades. La siguiente tabla proporciona informaci\u00f3n sobre los precios de env\u00edo a cada ubicaci\u00f3n.<\/p><p>Ofrecemos entrega GRATUITA en todo el mundo. Bitte beachten Sie, dass dieser kostenlose Zugang nur f\u00fcr einen begrenzten Zeitraum gilt.<\/p><\/div><p>Reino Unido 3-5 d\u00edas laborables GRATIS<\/p><p>UE y todo el mundo 7-20 d\u00edas laborables GRATIS<\/p><p>Wenn die Produkte auf Lager sind, erhalten Sie eine Benachrichtigung in Ihrer Eingangskarte und Ihre Bestellung wird innerhalb von 7 bis 20 Tagen \u00fcber den nationalen Postdienst versandt.<\/p><\/div><h2 class=\"kt-adv-heading_a90407-88 wp-block-kadence-advancedheading\" data-kb-block=\"kb-adv-heading_a90407-88\">PAGOS<br \/>PayPal-Kaufschutz f\u00fcr K\u00e4ufer<\/h2><div class=\"wp-block-kadence-rowlayout alignnone\"><div id=\"kt-layout-id_7ca03b-75\" class=\"kt-row-layout-inner kt-layout-id_7ca03b-75\"><div class=\"kt-row-column-wrap kt-has-2-columns kt-gutter-default kt-v-gutter-none kt-row-valign-middle kt-row-layout-left-golden kt-tab-layout-inherit kt-m-colapse-right-to-left kt-mobile-layout-row  kt-custom-first-width-65  kt-custom-second-width-35\"><div class=\"wp-block-kadence-column inner-column-1 kadence-column_028f2a-73\"><div class=\"kt-inside-inner-col\"><p>Cuando utiliza la billetera electr\u00f3nica de PayPal para pagar productos, su dinero est\u00e1 protegido. PayPal garantiert die Transaktionen und stellt die Bezahlung, die Lieferung und die Qualit\u00e4t der erworbenen Produkte sicher. PayPal erstattet den Gesamtpreis des Kaufs, wenn der Artikel nicht mit der Beschreibung \u00fcbereinstimmt oder nicht geliefert wurde.<\/p><\/div><\/div><div class=\"wp-block-kadence-column inner-column-2 kadence-column_e7e522-e2\"><div class=\"kt-inside-inner-col\"><div class=\"wp-block-kadence-image kb-image_fc9db5-1e\"><figure class=\"aligncenter size-full\"><img decoding=\"async\" class=\"kb-img wp-image-637\" src=\"https:\/\/wellnesswithlifeexpert.com\/wp-content\/uploads\/2022\/07\/Bioresonance-devices-paypal-payments.webp\" alt=\"Bioresonance Devices Paypal Payments\" width=\"164\" height=\"43\" \/><\/figure><\/div><\/div><\/div><\/div><\/div><\/div><div class=\"wp-block-kadence-rowlayout alignnone\"><div id=\"kt-layout-id_dcd2fb-bc\" class=\"kt-row-layout-inner kt-layout-id_dcd2fb-bc\"><div class=\"kt-row-column-wrap kt-has-2-columns kt-gutter-default kt-v-gutter-none kt-row-valign-middle kt-row-layout-left-golden kt-tab-layout-inherit kt-m-colapse-left-to-right kt-mobile-layout-row  kt-custom-first-width-35  kt-custom-second-width-65\"><div class=\"wp-block-kadence-column inner-column-1 kadence-column_9ec73f-9f\"><div class=\"kt-inside-inner-col\"><div class=\"wp-block-kadence-image kb-image_e80f90-61\"><figure class=\"aligncenter size-full\"><img decoding=\"async\" class=\"kb-img wp-image-336\" src=\"https:\/\/wellnesswithlifeexpert.com\/wp-content\/uploads\/2022\/06\/Wellness-with-life-expert-bioresonance-machines-payment-options.webp\" alt=\"Wellness With Life Expert Bioresonance Machines Payment Options\" width=\"242\" height=\"72\" \/><\/figure><\/div><\/div><\/div><div class=\"wp-block-kadence-column inner-column-2 kadence-column_371301-b9\"><div class=\"kt-inside-inner-col\"><h3 class=\"kt-adv-heading_cfbf73-15 wp-block-kadence-advancedheading\" data-kb-block=\"kb-adv-heading_cfbf73-15\">Pagos con tarjeta de cr\u00e9dito\/d\u00e9bito a trav\u00e9s de Stripe<\/h3><p>\u00dcber die Zahlungsplattform von Stripe k\u00f6nnen Sie Zahlungen mit Kredit- und Debitkarten sowie anderen g\u00e4ngigen Zahlungsmethoden in aller Welt durchf\u00fchren. Stripe ist sehr sicher und \u00fcbertrifft die Sicherheitsstandards der Branche, und viele Unternehmen, darunter auch die Fortune-500-Unternehmen, vertrauen auf Stripe. Las diversas medidas de Stripe para proteger la informaci\u00f3n de la tarjeta hacen que la seguridad de los pagos sea una prioridad.<\/p><\/div><\/div><\/div><\/div><\/div><h2 class=\"kt-adv-heading_13af45-3e wp-block-kadence-advancedheading\" data-kb-block=\"kb-adv-heading_13af45-3e\">GARANT\u00cdA<\/h2><p>Si recibi\u00f3 un producto de calidad inadecuada o un producto que est\u00e1 cubierto por los t\u00e9rminos del servicio de garant\u00eda, comun\u00edquese con NUESTRO servicio de atenci\u00f3n al cliente envi\u00e1ndonos un correo electr\u00f3nico a info@wellnesswithlifeexpert.com<\/p><h2 class=\"kt-adv-heading_547c85-03 wp-block-kadence-advancedheading\" data-kb-block=\"kb-adv-heading_547c85-03\">DEVOLUCIONES Y REEMBOLSOS<\/h2><p>Estamos aqu\u00ed para ayudarle si no est\u00e1 completamente satisfecho con su compra.<\/p><h3 class=\"kt-adv-heading_6708c4-79 wp-block-kadence-advancedheading\" data-kb-block=\"kb-adv-heading_6708c4-79\">DEVOLUCIONES<\/h3><p>Es ist m\u00f6glich, einen Artikel innerhalb der 14 nat\u00fcrlichen Tage zur\u00fcckzugeben. Si desea devolver un art\u00edculo, debe estar sin usar y en las mismas condiciones en que lo recibi\u00f3. Der Artikel muss sich in seiner Originalverpackung befinden, und Sie m\u00fcssen den Kaufbeleg oder den Kaufbeleg bei sich haben.<\/p><h3 class=\"kt-adv-heading_bc3e61-79 wp-block-kadence-advancedheading\" data-kb-block=\"kb-adv-heading_bc3e61-79\">REEMBOLSOS<\/h3><p>Tan pronto como recibamos su art\u00edculo, lo inspeccionaremos y le notificaremos que ha sido recibido. Despu\u00e9s de inspeccionar el art\u00edculo, le informaremos del estado de su reembolso. En caso de que se apruebe su devoluci\u00f3n, iniciaremos un reembolso para usted. De acuerdo con las pol\u00edticas del emisor de su tarjeta de cr\u00e9dito, recibir\u00e1 el cr\u00e9dito dentro de una determinada cantidad de d\u00edas.<\/p><h3 class=\"kt-adv-heading_e8229f-11 wp-block-kadence-advancedheading\" data-kb-block=\"kb-adv-heading_e8229f-11\">DEVOLUCI\u00d3N-ENV\u00cdO<\/h3><p>Si desea devolver un art\u00edculo, usted ser\u00e1 responsable de sus propios costos de env\u00edo. Die Versandkosten f\u00fcr die Auslieferung sind nicht erstattungsf\u00e4hig. Los costos de env\u00edo de devoluci\u00f3n se deducir\u00e1n de los reembolsos.<\/p><p>Si tiene preguntas sobre c\u00f3mo devolver un art\u00edculo, comun\u00edquese con nosotros.<\/p>\t\t\t\t\t\t\t\t<\/div>\n\t\t\t\t<\/div>\n\t\t\t\t\t<\/div>\n\t\t<\/div>\n\t\t\t\t\t<\/div>\n\t\t<\/section>\n\t\t\t\t<\/div>","protected":false},"excerpt":{"rendered":"<p>Entrega y devoluciones ENTREGA Como somos una empresa internacional, contamos con showrooms en varios pa\u00edses y ciudades. La siguiente tabla proporciona informaci\u00f3n sobre los precios de env\u00edo a cada ubicaci\u00f3n. Ofrecemos entrega GRATUITA en todo el mundo. Tenga en cuenta que esta entrega gratuita es solo por tiempo limitado. Reino Unido 3-5 d\u00edas laborables GRATIS [&hellip;]<\/p>\n","protected":false},"author":53,"featured_media":0,"parent":0,"menu_order":0,"comment_status":"closed","ping_status":"closed","template":"","meta":{"_kad_blocks_custom_css":"","_kad_blocks_head_custom_js":"","_kad_blocks_body_custom_js":"","_kad_blocks_footer_custom_js":"","site-sidebar-layout":"no-sidebar","site-content-layout":"","ast-site-content-layout":"full-width-container","site-content-style":"default","site-sidebar-style":"default","ast-global-header-display":"","ast-banner-title-visibility":"","ast-main-header-display":"","ast-hfb-above-header-display":"","ast-hfb-below-header-display":"","ast-hfb-mobile-header-display":"","site-post-title":"disabled","ast-breadcrumbs-content":"","ast-featured-img":"disabled","footer-sml-layout":"","ast-disable-related-posts":"","theme-transparent-header-meta":"","adv-header-id-meta":"","stick-header-meta":"","header-above-stick-meta":"","header-main-stick-meta":"","header-below-stick-meta":"","astra-migrate-meta-layouts":"default","ast-page-background-enabled":"default","ast-page-background-meta":{"desktop":{"background-color":"var(--ast-global-color-4)","background-image":"","background-repeat":"repeat","background-position":"center center","background-size":"auto","background-attachment":"scroll","background-type":"","background-media":"","overlay-type":"","overlay-color":"","overlay-opacity":"","overlay-gradient":""},"tablet":{"background-color":"","background-image":"","background-repeat":"repeat","background-position":"center center","background-size":"auto","background-attachment":"scroll","background-type":"","background-media":"","overlay-type":"","overlay-color":"","overlay-opacity":"","overlay-gradient":""},"mobile":{"background-color":"","background-image":"","background-repeat":"repeat","background-position":"center center","background-size":"auto","background-attachment":"scroll","background-type":"","background-media":"","overlay-type":"","overlay-color":"","overlay-opacity":"","overlay-gradient":""}},"ast-content-background-meta":{"desktop":{"background-color":"var(--ast-global-color-5)","background-image":"","background-repeat":"repeat","background-position":"center center","background-size":"auto","background-attachment":"scroll","background-type":"","background-media":"","overlay-type":"","overlay-color":"","overlay-opacity":"","overlay-gradient":""},"tablet":{"background-color":"var(--ast-global-color-5)","background-image":"","background-repeat":"repeat","background-position":"center center","background-size":"auto","background-attachment":"scroll","background-type":"","background-media":"","overlay-type":"","overlay-color":"","overlay-opacity":"","overlay-gradient":""},"mobile":{"background-color":"var(--ast-global-color-5)","background-image":"","background-repeat":"repeat","background-position":"center center","background-size":"auto","background-attachment":"scroll","background-type":"","background-media":"","overlay-type":"","overlay-color":"","overlay-opacity":"","overlay-gradient":""}},"_joinchat":[],"footnotes":""},"class_list":["post-2429","page","type-page","status-publish","hentry"],"featured_image_src_large":false,"author_info":{"display_name":"","author_link":"https:\/\/wellnesswithlifeexpert.com\/de\/author\/"},"comment_info":0,"taxonomy_info":[],"jetpack_sharing_enabled":true,"_links":{"self":[{"href":"https:\/\/wellnesswithlifeexpert.com\/de\/wp-json\/wp\/v2\/pages\/2429","targetHints":{"allow":["GET"]}}],"collection":[{"href":"https:\/\/wellnesswithlifeexpert.com\/de\/wp-json\/wp\/v2\/pages"}],"about":[{"href":"https:\/\/wellnesswithlifeexpert.com\/de\/wp-json\/wp\/v2\/types\/page"}],"author":[{"embeddable":true,"href":"https:\/\/wellnesswithlifeexpert.com\/de\/wp-json\/wp\/v2\/users\/53"}],"replies":[{"embeddable":true,"href":"https:\/\/wellnesswithlifeexpert.com\/de\/wp-json\/wp\/v2\/comments?post=2429"}],"version-history":[{"count":1,"href":"https:\/\/wellnesswithlifeexpert.com\/de\/wp-json\/wp\/v2\/pages\/2429\/revisions"}],"predecessor-version":[{"id":2667,"href":"https:\/\/wellnesswithlifeexpert.com\/de\/wp-json\/wp\/v2\/pages\/2429\/revisions\/2667"}],"wp:attachment":[{"href":"https:\/\/wellnesswithlifeexpert.com\/de\/wp-json\/wp\/v2\/media?parent=2429"}],"curies":[{"name":"wp","href":"https:\/\/api.w.org\/{rel}","templated":true}]}}